{"id":1849,"date":"2024-08-19T06:17:31","date_gmt":"2024-08-19T06:17:31","guid":{"rendered":"https:\/\/theovakoway.com\/a-word-from-our-ceo-marcus\/"},"modified":"2024-09-02T08:37:03","modified_gmt":"2024-09-02T08:37:03","slug":"a-word-from-our-ceo-marcus","status":"publish","type":"page","link":"https:\/\/theovakoway.com\/fi\/a-word-from-our-ceo-marcus\/","title":{"rendered":"Konsernijohtajan terveiset"},"content":{"rendered":"\t\t<div data-elementor-type=\"wp-page\" data-elementor-id=\"1849\" class=\"elementor elementor-1849 elementor-1533\" data-elementor-post-type=\"page\">\n\t\t\t\t<div class=\"elementor-element elementor-element-e1a2cf1 e-con-full e-flex e-con e-parent\" data-id=\"e1a2cf1\" data-element_type=\"container\" data-settings=\"{&quot;background_background&quot;:&quot;classic&quot;}\">\n\t\t<div class=\"elementor-element elementor-element-dd99bd6 e-con-full e-flex e-con e-child\" data-id=\"dd99bd6\" data-element_type=\"container\">\n\t\t\t\t<\/div>\n\t\t<div class=\"elementor-element elementor-element-6f43fca e-con-full e-flex e-con e-child\" data-id=\"6f43fca\" data-element_type=\"container\" data-settings=\"{&quot;background_background&quot;:&quot;classic&quot;}\">\n\t\t\t\t<div class=\"elementor-element elementor-element-2a451dc elementor-widget elementor-widget-heading\" data-id=\"2a451dc\" data-element_type=\"widget\" data-widget_type=\"heading.default\">\n\t\t\t\t<div class=\"elementor-widget-container\">\n\t\t\t\t\t<h2 class=\"elementor-heading-title elementor-size-default\">KONSERNIJOHTAJA MARCUS HEDBLOMIN TERVEISET<\/h2>\t\t\t\t<\/div>\n\t\t\t\t<\/div>\n\t\t\t\t<div class=\"elementor-element elementor-element-2edf9d4 elementor-widget elementor-widget-text-editor\" data-id=\"2edf9d4\" data-element_type=\"widget\" data-widget_type=\"text-editor.default\">\n\t\t\t\t<div class=\"elementor-widget-container\">\n\t\t\t\t\t\t\t\t\t<p>Maailma muuttuu, ja ilmastonmuutos pakottaa meid\u00e4t toimimaan kaikin tavoin kest\u00e4v\u00e4mmin.<\/p>\n<p>Me Ovakolla ennakoimme t\u00e4m\u00e4n. Olemme alamme edell\u00e4k\u00e4vij\u00e4: valmistamme laadukasta ter\u00e4st\u00e4 ter\u00e4sromusta ja toimintamme hiilijalanj\u00e4lki on eritt\u00e4in pieni. Sen ansiosta erotumme kilpailijoista ja olemme eritt\u00e4in kilpailukykyisi\u00e4.  <\/p>\n<p>Olemme varmoja, ett\u00e4 kest\u00e4v\u00e4sti tuotetun ter\u00e4ksen kysynt\u00e4 vain kasvaa tulevina vuosina, ja me olemme valmiita haasteeseen. Olemme p\u00e4\u00e4sseet hyv\u00e4\u00e4n vauhtiin. Siit\u00e4 huolimatta jatkamme muutosta pienent\u00e4m\u00e4ll\u00e4 hiilijalanj\u00e4lke\u00e4mme entisest\u00e4\u00e4n. Olemme hiilineutraaliutta tavoittelevan teollisuuden luotettava ter\u00e4stoimittaja.    <\/p>\n\t\t\t\t\t\t\t\t<\/div>\n\t\t\t\t<\/div>\n\t\t\t\t<div class=\"elementor-element elementor-element-ced22f9 elementor-widget elementor-widget-video\" data-id=\"ced22f9\" data-element_type=\"widget\" data-settings=\"{&quot;video_type&quot;:&quot;vimeo&quot;}\" data-widget_type=\"video.default\">\n\t\t\t\t<div class=\"elementor-widget-container\">\n\t\t\t\t\t\t\t<div class=\"elementor-wrapper elementor-open-inline\">\n\t\t\t<iframe class=\"elementor-video-iframe\" allowfullscreen allow=\"clipboard-write\" title=\"vimeo-videosoitin\" src=\"https:\/\/player.vimeo.com\/video\/957590888?color&amp;autopause=0&amp;loop=0&amp;muted=0&amp;title=1&amp;portrait=1&amp;byline=1&amp;h=c865d8e6f8#t=\"><\/iframe>\t\t<\/div>\n\t\t\t\t\t\t<\/div>\n\t\t\t\t<\/div>\n\t\t\t\t<\/div>\n\t\t<div class=\"elementor-element elementor-element-3f59031 e-con-full e-flex e-con e-child\" data-id=\"3f59031\" data-element_type=\"container\">\n\t\t\t\t<\/div>\n\t\t\t\t<\/div>\n\t\t\t\t<\/div>\n\t\t","protected":false},"excerpt":{"rendered":"<p>KONSERNIJOHTAJA MARCUS HEDBLOMIN TERVEISET Maailma muuttuu, ja ilmastonmuutos pakottaa meid\u00e4t toimimaan kaikin tavoin kest\u00e4v\u00e4mmin. Me Ovakolla ennakoimme t\u00e4m\u00e4n. Olemme alamme edell\u00e4k\u00e4vij\u00e4: valmistamme laadukasta ter\u00e4st\u00e4 ter\u00e4sromusta ja toimintamme hiilijalanj\u00e4lki on eritt\u00e4in pieni. Sen ansiosta erotumme kilpailijoista ja olemme eritt\u00e4in kilpailukykyisi\u00e4. Olemme varmoja, ett\u00e4 kest\u00e4v\u00e4sti tuotetun ter\u00e4ksen kysynt\u00e4 vain kasvaa tulevina vuosina, ja me olemme valmiita haasteeseen. [&hellip;]<\/p>\n","protected":false},"author":3,"featured_media":0,"parent":0,"menu_order":0,"comment_status":"closed","ping_status":"closed","template":"","meta":{"footnotes":""},"class_list":["post-1849","page","type-page","status-publish","hentry"],"yoast_head":"<!-- This site is optimized with the Yoast SEO plugin v25.5 - https:\/\/yoast.com\/wordpress\/plugins\/seo\/ -->\n<title>Konsernijohtajan terveiset - The Ovako Way<\/title>\n<meta name=\"robots\" content=\"index, follow, max-snippet:-1, max-image-preview:large, max-video-preview:-1\" \/>\n<link rel=\"canonical\" href=\"https:\/\/theovakoway.com\/a-word-from-our-ceo-marcus\/\" \/>\n<meta property=\"og:locale\" content=\"fi_FI\" \/>\n<meta property=\"og:type\" content=\"article\" \/>\n<meta property=\"og:title\" content=\"Konsernijohtajan terveiset - The Ovako Way\" \/>\n<meta property=\"og:description\" content=\"KONSERNIJOHTAJA MARCUS HEDBLOMIN TERVEISET Maailma muuttuu, ja ilmastonmuutos pakottaa meid\u00e4t toimimaan kaikin tavoin kest\u00e4v\u00e4mmin. Me Ovakolla ennakoimme t\u00e4m\u00e4n. Olemme alamme edell\u00e4k\u00e4vij\u00e4: valmistamme laadukasta ter\u00e4st\u00e4 ter\u00e4sromusta ja toimintamme hiilijalanj\u00e4lki on eritt\u00e4in pieni. Sen ansiosta erotumme kilpailijoista ja olemme eritt\u00e4in kilpailukykyisi\u00e4. Olemme varmoja, ett\u00e4 kest\u00e4v\u00e4sti tuotetun ter\u00e4ksen kysynt\u00e4 vain kasvaa tulevina vuosina, ja me olemme valmiita haasteeseen. [&hellip;]\" \/>\n<meta property=\"og:url\" content=\"https:\/\/theovakoway.com\/a-word-from-our-ceo-marcus\/\" \/>\n<meta property=\"og:site_name\" content=\"The Ovako Way\" \/>\n<meta property=\"article:modified_time\" content=\"2024-09-02T08:37:03+00:00\" \/>\n<meta name=\"twitter:card\" content=\"summary_large_image\" \/>\n<meta name=\"twitter:label1\" content=\"Arvioitu lukuaika\" \/>\n\t<meta name=\"twitter:data1\" content=\"1 minuutti\" \/>\n<script type=\"application\/ld+json\" class=\"yoast-schema-graph\">{\"@context\":\"https:\/\/schema.org\",\"@graph\":[{\"@type\":\"WebPage\",\"@id\":\"https:\/\/theovakoway.com\/a-word-from-our-ceo-marcus\/\",\"url\":\"https:\/\/theovakoway.com\/a-word-from-our-ceo-marcus\/\",\"name\":\"Konsernijohtajan terveiset - The Ovako Way\",\"isPartOf\":{\"@id\":\"https:\/\/theovakoway.com\/#website\"},\"datePublished\":\"2024-08-19T06:17:31+00:00\",\"dateModified\":\"2024-09-02T08:37:03+00:00\",\"breadcrumb\":{\"@id\":\"https:\/\/theovakoway.com\/a-word-from-our-ceo-marcus\/#breadcrumb\"},\"inLanguage\":\"fi\",\"potentialAction\":[{\"@type\":\"ReadAction\",\"target\":[\"https:\/\/theovakoway.com\/a-word-from-our-ceo-marcus\/\"]}]},{\"@type\":\"BreadcrumbList\",\"@id\":\"https:\/\/theovakoway.com\/a-word-from-our-ceo-marcus\/#breadcrumb\",\"itemListElement\":[{\"@type\":\"ListItem\",\"position\":1,\"name\":\"Home\",\"item\":\"https:\/\/theovakoway.com\/\"},{\"@type\":\"ListItem\",\"position\":2,\"name\":\"Konsernijohtajan terveiset\"}]},{\"@type\":\"WebSite\",\"@id\":\"https:\/\/theovakoway.com\/#website\",\"url\":\"https:\/\/theovakoway.com\/\",\"name\":\"The Ovako Way\",\"description\":\"\",\"publisher\":{\"@id\":\"https:\/\/theovakoway.com\/#organization\"},\"potentialAction\":[{\"@type\":\"SearchAction\",\"target\":{\"@type\":\"EntryPoint\",\"urlTemplate\":\"https:\/\/theovakoway.com\/?s={search_term_string}\"},\"query-input\":{\"@type\":\"PropertyValueSpecification\",\"valueRequired\":true,\"valueName\":\"search_term_string\"}}],\"inLanguage\":\"fi\"},{\"@type\":\"Organization\",\"@id\":\"https:\/\/theovakoway.com\/#organization\",\"name\":\"The Ovako Way\",\"url\":\"https:\/\/theovakoway.com\/\",\"logo\":{\"@type\":\"ImageObject\",\"inLanguage\":\"fi\",\"@id\":\"https:\/\/theovakoway.com\/#\/schema\/logo\/image\/\",\"url\":\"https:\/\/theovakoway.com\/wp-content\/uploads\/2024\/05\/TOW-logo-black.png\",\"contentUrl\":\"https:\/\/theovakoway.com\/wp-content\/uploads\/2024\/05\/TOW-logo-black.png\",\"width\":500,\"height\":500,\"caption\":\"The Ovako Way\"},\"image\":{\"@id\":\"https:\/\/theovakoway.com\/#\/schema\/logo\/image\/\"}}]}<\/script>\n<!-- \/ Yoast SEO plugin. -->","yoast_head_json":{"title":"Konsernijohtajan terveiset - The Ovako Way","robots":{"index":"index","follow":"follow","max-snippet":"max-snippet:-1","max-image-preview":"max-image-preview:large","max-video-preview":"max-video-preview:-1"},"canonical":"https:\/\/theovakoway.com\/a-word-from-our-ceo-marcus\/","og_locale":"fi_FI","og_type":"article","og_title":"Konsernijohtajan terveiset - The Ovako Way","og_description":"KONSERNIJOHTAJA MARCUS HEDBLOMIN TERVEISET Maailma muuttuu, ja ilmastonmuutos pakottaa meid\u00e4t toimimaan kaikin tavoin kest\u00e4v\u00e4mmin. Me Ovakolla ennakoimme t\u00e4m\u00e4n. Olemme alamme edell\u00e4k\u00e4vij\u00e4: valmistamme laadukasta ter\u00e4st\u00e4 ter\u00e4sromusta ja toimintamme hiilijalanj\u00e4lki on eritt\u00e4in pieni. Sen ansiosta erotumme kilpailijoista ja olemme eritt\u00e4in kilpailukykyisi\u00e4. Olemme varmoja, ett\u00e4 kest\u00e4v\u00e4sti tuotetun ter\u00e4ksen kysynt\u00e4 vain kasvaa tulevina vuosina, ja me olemme valmiita haasteeseen. [&hellip;]","og_url":"https:\/\/theovakoway.com\/a-word-from-our-ceo-marcus\/","og_site_name":"The Ovako Way","article_modified_time":"2024-09-02T08:37:03+00:00","twitter_card":"summary_large_image","twitter_misc":{"Arvioitu lukuaika":"1 minuutti"},"schema":{"@context":"https:\/\/schema.org","@graph":[{"@type":"WebPage","@id":"https:\/\/theovakoway.com\/a-word-from-our-ceo-marcus\/","url":"https:\/\/theovakoway.com\/a-word-from-our-ceo-marcus\/","name":"Konsernijohtajan terveiset - The Ovako Way","isPartOf":{"@id":"https:\/\/theovakoway.com\/#website"},"datePublished":"2024-08-19T06:17:31+00:00","dateModified":"2024-09-02T08:37:03+00:00","breadcrumb":{"@id":"https:\/\/theovakoway.com\/a-word-from-our-ceo-marcus\/#breadcrumb"},"inLanguage":"fi","potentialAction":[{"@type":"ReadAction","target":["https:\/\/theovakoway.com\/a-word-from-our-ceo-marcus\/"]}]},{"@type":"BreadcrumbList","@id":"https:\/\/theovakoway.com\/a-word-from-our-ceo-marcus\/#breadcrumb","itemListElement":[{"@type":"ListItem","position":1,"name":"Home","item":"https:\/\/theovakoway.com\/"},{"@type":"ListItem","position":2,"name":"Konsernijohtajan terveiset"}]},{"@type":"WebSite","@id":"https:\/\/theovakoway.com\/#website","url":"https:\/\/theovakoway.com\/","name":"The Ovako Way","description":"","publisher":{"@id":"https:\/\/theovakoway.com\/#organization"},"potentialAction":[{"@type":"SearchAction","target":{"@type":"EntryPoint","urlTemplate":"https:\/\/theovakoway.com\/?s={search_term_string}"},"query-input":{"@type":"PropertyValueSpecification","valueRequired":true,"valueName":"search_term_string"}}],"inLanguage":"fi"},{"@type":"Organization","@id":"https:\/\/theovakoway.com\/#organization","name":"The Ovako Way","url":"https:\/\/theovakoway.com\/","logo":{"@type":"ImageObject","inLanguage":"fi","@id":"https:\/\/theovakoway.com\/#\/schema\/logo\/image\/","url":"https:\/\/theovakoway.com\/wp-content\/uploads\/2024\/05\/TOW-logo-black.png","contentUrl":"https:\/\/theovakoway.com\/wp-content\/uploads\/2024\/05\/TOW-logo-black.png","width":500,"height":500,"caption":"The Ovako Way"},"image":{"@id":"https:\/\/theovakoway.com\/#\/schema\/logo\/image\/"}}]}},"_links":{"self":[{"href":"https:\/\/theovakoway.com\/fi\/wp-json\/wp\/v2\/pages\/1849","targetHints":{"allow":["GET"]}}],"collection":[{"href":"https:\/\/theovakoway.com\/fi\/wp-json\/wp\/v2\/pages"}],"about":[{"href":"https:\/\/theovakoway.com\/fi\/wp-json\/wp\/v2\/types\/page"}],"author":[{"embeddable":true,"href":"https:\/\/theovakoway.com\/fi\/wp-json\/wp\/v2\/users\/3"}],"replies":[{"embeddable":true,"href":"https:\/\/theovakoway.com\/fi\/wp-json\/wp\/v2\/comments?post=1849"}],"version-history":[{"count":11,"href":"https:\/\/theovakoway.com\/fi\/wp-json\/wp\/v2\/pages\/1849\/revisions"}],"predecessor-version":[{"id":2533,"href":"https:\/\/theovakoway.com\/fi\/wp-json\/wp\/v2\/pages\/1849\/revisions\/2533"}],"wp:attachment":[{"href":"https:\/\/theovakoway.com\/fi\/wp-json\/wp\/v2\/media?parent=1849"}],"curies":[{"name":"wp","href":"https:\/\/api.w.org\/{rel}","templated":true}]}}