{"id":1851,"date":"2024-05-14T11:51:00","date_gmt":"2024-05-14T11:51:00","guid":{"rendered":"https:\/\/theovakoway.com\/yogesh-patils-story\/"},"modified":"2024-08-30T09:52:58","modified_gmt":"2024-08-30T09:52:58","slug":"yogesh-patils-story","status":"publish","type":"page","link":"https:\/\/theovakoway.com\/fi\/yogesh-patils-story\/","title":{"rendered":"Yogesh Patilin tarina"},"content":{"rendered":"\t\t<div data-elementor-type=\"wp-page\" data-elementor-id=\"1851\" class=\"elementor elementor-1851 elementor-185\" data-elementor-post-type=\"page\">\n\t\t\t\t<div class=\"elementor-element elementor-element-d1a855e e-con-full e-flex e-con e-parent\" data-id=\"d1a855e\" data-element_type=\"container\" data-settings=\"{&quot;background_background&quot;:&quot;classic&quot;}\">\n\t\t\t\t<div class=\"elementor-element elementor-element-d19a8db elementor-widget elementor-widget-heading\" data-id=\"d19a8db\" data-element_type=\"widget\" data-widget_type=\"heading.default\">\n\t\t\t\t<div class=\"elementor-widget-container\">\n\t\t\t\t\t<h1 class=\"elementor-heading-title elementor-size-default\">Yogesh Patilin tarina<\/h1>\t\t\t\t<\/div>\n\t\t\t\t<\/div>\n\t\t\t\t<div class=\"elementor-element elementor-element-da36124 elementor-widget elementor-widget-text-editor\" data-id=\"da36124\" data-element_type=\"widget\" data-widget_type=\"text-editor.default\">\n\t\t\t\t<div class=\"elementor-widget-container\">\n\t\t\t\t\t\t\t\t\t<div><span lang=\"EN-US\">Hiilineutraaliusl\u00e4hettil\u00e4s \/ johtaja, Intia<\/span><\/div>\n<p><span style=\"text-align: var(--text-align);\">Myyntiyhti\u00f6 Aasia-Tyynimeri, Ovako<\/span><\/p>\n\t\t\t\t\t\t\t\t<\/div>\n\t\t\t\t<\/div>\n\t\t\t\t<\/div>\n\t\t<div class=\"elementor-element elementor-element-9a04dc6 e-flex e-con-boxed e-con e-parent\" data-id=\"9a04dc6\" data-element_type=\"container\">\n\t\t\t\t\t<div class=\"e-con-inner\">\n\t\t<div class=\"elementor-element elementor-element-b549f00 e-flex e-con-boxed e-con e-child\" data-id=\"b549f00\" data-element_type=\"container\">\n\t\t\t\t\t<div class=\"e-con-inner\">\n\t\t\t\t<div class=\"elementor-element elementor-element-9cea0d1 elementor-widget elementor-widget-text-editor\" data-id=\"9cea0d1\" data-element_type=\"widget\" data-widget_type=\"text-editor.default\">\n\t\t\t\t<div class=\"elementor-widget-container\">\n\t\t\t\t\t\t\t\t\t<p>\u201dOlen itsekin vastuussa\u201d<\/p>\n\t\t\t\t\t\t\t\t<\/div>\n\t\t\t\t<\/div>\n\t\t\t\t<div class=\"elementor-element elementor-element-f7a72df elementor-widget elementor-widget-text-editor\" data-id=\"f7a72df\" data-element_type=\"widget\" data-widget_type=\"text-editor.default\">\n\t\t\t\t<div class=\"elementor-widget-container\">\n\t\t\t\t\t\t\t\t\t<p style=\"font-weight: 400;\">Is\u00e4ni opetti minut jo nuorena arvostamaan suuresti luonnonvaroja, etenkin vett\u00e4. Vett\u00e4 oli aikoinaan reilusti saatavilla, joten kyseenalaistin usein h\u00e4nen n\u00e4kemyksens\u00e4, ett\u00e4 vett\u00e4 on k\u00e4ytett\u00e4v\u00e4 vastuullisesti. Vasta kun vesivarannot alkoivat ehty\u00e4 ja vesipulasta tuli todellisuutta etenkin kes\u00e4isin, aloin ymm\u00e4rt\u00e4\u00e4 ja kunnioittaa h\u00e4nen kaukon\u00e4k\u00f6isyytt\u00e4\u00e4n. Tuolloin my\u00f6s ilmaston l\u00e4mpenemisen karu todellisuus upposi tajuntaani. Kasvatukseni juurrutti minuun aidon palon kest\u00e4v\u00e4\u00e4 kehityst\u00e4 ja siihen liittyvi\u00e4 parhaita k\u00e4yt\u00e4nt\u00f6j\u00e4 kohtaan.<\/p>\n<p style=\"font-weight: 400;\">Ovako on ymp\u00e4rist\u00f6asioiden edist\u00e4misess\u00e4 ter\u00e4steollisuuden johtava yritys, mik\u00e4 tuo mieleeni kaikuja is\u00e4n kaukon\u00e4k\u00f6isyydest\u00e4. Keinovalikoimassa on muun muassa hiilip\u00e4\u00e4st\u00f6j\u00e4 v\u00e4hent\u00e4v\u00e4 valokaariuuni, kierr\u00e4tyster\u00e4ksen ja fossiilivapaan energian k\u00e4ytt\u00f6 sek\u00e4 vihre\u00e4n vedyn tuottaminen itse. Jokainen n\u00e4ist\u00e4 keinoista pienent\u00e4\u00e4 tuntuvasti CO2-p\u00e4\u00e4st\u00f6j\u00e4.. IMerkitt\u00e4vist\u00e4 toimenpiteist\u00e4 huolimatta hiilip\u00e4\u00e4st\u00f6j\u00e4 kuitenkin syntyy. Ovako on jo vuodesta 2022 kompensoinut j\u00e4ljelle j\u00e4\u00e4neet p\u00e4\u00e4st\u00f6t ostamalla arvostetun hyvitysstandardin p\u00e4\u00e4st\u00f6yksik\u00f6it\u00e4.  <\/p>\n<p style=\"font-weight: 400;\">Ovakon omat tavoitteet linkittyv\u00e4t tiiviisti YK:n 17:\u00e4\u00e4n kest\u00e4v\u00e4n kehityksen tavoitteeseen (SDG). Ovakolla on niin sukupuolten tasa-arvoon, turvallisuuteen, laadukkaaseen koulutukseen kuin innovaatioiden edist\u00e4miseen liittyv\u00e4t kattavat toimintasuunnitelmat, ja yhti\u00f6 pyrkii parantamaan toimintaansa vuosi vuodelta.<\/p>\n<p style=\"font-weight: 400;\">Ter\u00e4steollisuus on siirtym\u00e4ss\u00e4 kohti hiilineutraalia tulevaisuutta, ja Ovako on johdonmukaisesti osoittanut esimerkki\u00e4 sen saavuttamiseen tehokkaasti. Olen ylpe\u00e4, ett\u00e4 saan olla osa Ovakon hiilineutraaliusty\u00f6t\u00e4. <span style=\"font-family: var( --e-global-typography-text-font-family ), Sans-serif; text-align: var(--text-align); font-size: 1rem;\">On innostavaa olla mukana t\u00e4ll\u00e4 kest\u00e4v\u00e4n kehityksen matkalla.<\/span><\/p>\n<p style=\"caret-color: #000000; color: #000000;\"><strong>\/Yogesh Patil<br \/><\/strong>Hiilineutraaliusl\u00e4hettil\u00e4s, Aasian-Tyynenmeren myyntiyksikk\u00f6 Johtaja, India<\/p>\n<p style=\"font-weight: 400;\">\n\t\t\t\t\t\t\t\t<\/div>\n\t\t\t\t<\/div>\n\t\t\t\t\t<\/div>\n\t\t\t\t<\/div>\n\t\t\t\t\t<\/div>\n\t\t\t\t<\/div>\n\t\t<div class=\"elementor-element elementor-element-272d6df e-flex e-con-boxed e-con e-parent\" data-id=\"272d6df\" data-element_type=\"container\">\n\t\t\t\t\t<div class=\"e-con-inner\">\n\t\t\t\t<div class=\"elementor-element elementor-element-d5757fc elementor-align-center elementor-widget elementor-widget-button\" data-id=\"d5757fc\" data-element_type=\"widget\" data-widget_type=\"button.default\">\n\t\t\t\t<div class=\"elementor-widget-container\">\n\t\t\t\t\t\t\t\t\t<div class=\"elementor-button-wrapper\">\n\t\t\t\t\t<a class=\"elementor-button elementor-button-link elementor-size-sm elementor-animation-grow\" href=\"https:\/\/theovakoway.com\/fi\/the-ovako-voices\/\">\n\t\t\t\t\t\t<span class=\"elementor-button-content-wrapper\">\n\t\t\t\t\t\t\t\t\t<span class=\"elementor-button-text\">Tutustu muihin ty\u00f6ntekij\u00f6ihin<\/span>\n\t\t\t\t\t<\/span>\n\t\t\t\t\t<\/a>\n\t\t\t\t<\/div>\n\t\t\t\t\t\t\t\t<\/div>\n\t\t\t\t<\/div>\n\t\t\t\t\t<\/div>\n\t\t\t\t<\/div>\n\t\t\t\t<\/div>\n\t\t","protected":false},"excerpt":{"rendered":"<p>Yogesh Patilin tarina Hiilineutraaliusl\u00e4hettil\u00e4s \/ johtaja, Intia Myyntiyhti\u00f6 Aasia-Tyynimeri, Ovako \u201dOlen itsekin vastuussa\u201d Is\u00e4ni opetti minut jo nuorena arvostamaan suuresti luonnonvaroja, etenkin vett\u00e4. Vett\u00e4 oli aikoinaan reilusti saatavilla, joten kyseenalaistin usein h\u00e4nen n\u00e4kemyksens\u00e4, ett\u00e4 vett\u00e4 on k\u00e4ytett\u00e4v\u00e4 vastuullisesti. Vasta kun vesivarannot alkoivat ehty\u00e4 ja vesipulasta tuli todellisuutta etenkin kes\u00e4isin, aloin ymm\u00e4rt\u00e4\u00e4 ja kunnioittaa h\u00e4nen kaukon\u00e4k\u00f6isyytt\u00e4\u00e4n. [&hellip;]<\/p>\n","protected":false},"author":1,"featured_media":0,"parent":0,"menu_order":0,"comment_status":"closed","ping_status":"closed","template":"","meta":{"footnotes":""},"class_list":["post-1851","page","type-page","status-publish","hentry"],"yoast_head":"<!-- This site is optimized with the Yoast SEO plugin v25.5 - https:\/\/yoast.com\/wordpress\/plugins\/seo\/ -->\n<title>Yogesh Patilin tarina - The Ovako Way<\/title>\n<meta name=\"robots\" content=\"index, follow, max-snippet:-1, max-image-preview:large, max-video-preview:-1\" \/>\n<link rel=\"canonical\" href=\"https:\/\/theovakoway.com\/yogesh-patils-story\/\" \/>\n<meta property=\"og:locale\" content=\"fi_FI\" \/>\n<meta property=\"og:type\" content=\"article\" \/>\n<meta property=\"og:title\" content=\"Yogesh Patilin tarina - The Ovako Way\" \/>\n<meta property=\"og:description\" content=\"Yogesh Patilin tarina Hiilineutraaliusl\u00e4hettil\u00e4s \/ johtaja, Intia Myyntiyhti\u00f6 Aasia-Tyynimeri, Ovako \u201dOlen itsekin vastuussa\u201d Is\u00e4ni opetti minut jo nuorena arvostamaan suuresti luonnonvaroja, etenkin vett\u00e4. Vett\u00e4 oli aikoinaan reilusti saatavilla, joten kyseenalaistin usein h\u00e4nen n\u00e4kemyksens\u00e4, ett\u00e4 vett\u00e4 on k\u00e4ytett\u00e4v\u00e4 vastuullisesti. Vasta kun vesivarannot alkoivat ehty\u00e4 ja vesipulasta tuli todellisuutta etenkin kes\u00e4isin, aloin ymm\u00e4rt\u00e4\u00e4 ja kunnioittaa h\u00e4nen kaukon\u00e4k\u00f6isyytt\u00e4\u00e4n. [&hellip;]\" \/>\n<meta property=\"og:url\" content=\"https:\/\/theovakoway.com\/yogesh-patils-story\/\" \/>\n<meta property=\"og:site_name\" content=\"The Ovako Way\" \/>\n<meta property=\"article:modified_time\" content=\"2024-08-30T09:52:58+00:00\" \/>\n<meta name=\"twitter:card\" content=\"summary_large_image\" \/>\n<meta name=\"twitter:label1\" content=\"Arvioitu lukuaika\" \/>\n\t<meta name=\"twitter:data1\" content=\"1 minuutti\" \/>\n<script type=\"application\/ld+json\" class=\"yoast-schema-graph\">{\"@context\":\"https:\/\/schema.org\",\"@graph\":[{\"@type\":\"WebPage\",\"@id\":\"https:\/\/theovakoway.com\/yogesh-patils-story\/\",\"url\":\"https:\/\/theovakoway.com\/yogesh-patils-story\/\",\"name\":\"Yogesh Patilin tarina - The Ovako Way\",\"isPartOf\":{\"@id\":\"https:\/\/theovakoway.com\/#website\"},\"datePublished\":\"2024-05-14T11:51:00+00:00\",\"dateModified\":\"2024-08-30T09:52:58+00:00\",\"breadcrumb\":{\"@id\":\"https:\/\/theovakoway.com\/yogesh-patils-story\/#breadcrumb\"},\"inLanguage\":\"fi\",\"potentialAction\":[{\"@type\":\"ReadAction\",\"target\":[\"https:\/\/theovakoway.com\/yogesh-patils-story\/\"]}]},{\"@type\":\"BreadcrumbList\",\"@id\":\"https:\/\/theovakoway.com\/yogesh-patils-story\/#breadcrumb\",\"itemListElement\":[{\"@type\":\"ListItem\",\"position\":1,\"name\":\"Home\",\"item\":\"https:\/\/theovakoway.com\/\"},{\"@type\":\"ListItem\",\"position\":2,\"name\":\"Yogesh Patilin tarina\"}]},{\"@type\":\"WebSite\",\"@id\":\"https:\/\/theovakoway.com\/#website\",\"url\":\"https:\/\/theovakoway.com\/\",\"name\":\"The Ovako Way\",\"description\":\"\",\"publisher\":{\"@id\":\"https:\/\/theovakoway.com\/#organization\"},\"potentialAction\":[{\"@type\":\"SearchAction\",\"target\":{\"@type\":\"EntryPoint\",\"urlTemplate\":\"https:\/\/theovakoway.com\/?s={search_term_string}\"},\"query-input\":{\"@type\":\"PropertyValueSpecification\",\"valueRequired\":true,\"valueName\":\"search_term_string\"}}],\"inLanguage\":\"fi\"},{\"@type\":\"Organization\",\"@id\":\"https:\/\/theovakoway.com\/#organization\",\"name\":\"The Ovako Way\",\"url\":\"https:\/\/theovakoway.com\/\",\"logo\":{\"@type\":\"ImageObject\",\"inLanguage\":\"fi\",\"@id\":\"https:\/\/theovakoway.com\/#\/schema\/logo\/image\/\",\"url\":\"https:\/\/theovakoway.com\/wp-content\/uploads\/2024\/05\/TOW-logo-black.png\",\"contentUrl\":\"https:\/\/theovakoway.com\/wp-content\/uploads\/2024\/05\/TOW-logo-black.png\",\"width\":500,\"height\":500,\"caption\":\"The Ovako Way\"},\"image\":{\"@id\":\"https:\/\/theovakoway.com\/#\/schema\/logo\/image\/\"}}]}<\/script>\n<!-- \/ Yoast SEO plugin. -->","yoast_head_json":{"title":"Yogesh Patilin tarina - The Ovako Way","robots":{"index":"index","follow":"follow","max-snippet":"max-snippet:-1","max-image-preview":"max-image-preview:large","max-video-preview":"max-video-preview:-1"},"canonical":"https:\/\/theovakoway.com\/yogesh-patils-story\/","og_locale":"fi_FI","og_type":"article","og_title":"Yogesh Patilin tarina - The Ovako Way","og_description":"Yogesh Patilin tarina Hiilineutraaliusl\u00e4hettil\u00e4s \/ johtaja, Intia Myyntiyhti\u00f6 Aasia-Tyynimeri, Ovako \u201dOlen itsekin vastuussa\u201d Is\u00e4ni opetti minut jo nuorena arvostamaan suuresti luonnonvaroja, etenkin vett\u00e4. Vett\u00e4 oli aikoinaan reilusti saatavilla, joten kyseenalaistin usein h\u00e4nen n\u00e4kemyksens\u00e4, ett\u00e4 vett\u00e4 on k\u00e4ytett\u00e4v\u00e4 vastuullisesti. Vasta kun vesivarannot alkoivat ehty\u00e4 ja vesipulasta tuli todellisuutta etenkin kes\u00e4isin, aloin ymm\u00e4rt\u00e4\u00e4 ja kunnioittaa h\u00e4nen kaukon\u00e4k\u00f6isyytt\u00e4\u00e4n. [&hellip;]","og_url":"https:\/\/theovakoway.com\/yogesh-patils-story\/","og_site_name":"The Ovako Way","article_modified_time":"2024-08-30T09:52:58+00:00","twitter_card":"summary_large_image","twitter_misc":{"Arvioitu lukuaika":"1 minuutti"},"schema":{"@context":"https:\/\/schema.org","@graph":[{"@type":"WebPage","@id":"https:\/\/theovakoway.com\/yogesh-patils-story\/","url":"https:\/\/theovakoway.com\/yogesh-patils-story\/","name":"Yogesh Patilin tarina - The Ovako Way","isPartOf":{"@id":"https:\/\/theovakoway.com\/#website"},"datePublished":"2024-05-14T11:51:00+00:00","dateModified":"2024-08-30T09:52:58+00:00","breadcrumb":{"@id":"https:\/\/theovakoway.com\/yogesh-patils-story\/#breadcrumb"},"inLanguage":"fi","potentialAction":[{"@type":"ReadAction","target":["https:\/\/theovakoway.com\/yogesh-patils-story\/"]}]},{"@type":"BreadcrumbList","@id":"https:\/\/theovakoway.com\/yogesh-patils-story\/#breadcrumb","itemListElement":[{"@type":"ListItem","position":1,"name":"Home","item":"https:\/\/theovakoway.com\/"},{"@type":"ListItem","position":2,"name":"Yogesh Patilin tarina"}]},{"@type":"WebSite","@id":"https:\/\/theovakoway.com\/#website","url":"https:\/\/theovakoway.com\/","name":"The Ovako Way","description":"","publisher":{"@id":"https:\/\/theovakoway.com\/#organization"},"potentialAction":[{"@type":"SearchAction","target":{"@type":"EntryPoint","urlTemplate":"https:\/\/theovakoway.com\/?s={search_term_string}"},"query-input":{"@type":"PropertyValueSpecification","valueRequired":true,"valueName":"search_term_string"}}],"inLanguage":"fi"},{"@type":"Organization","@id":"https:\/\/theovakoway.com\/#organization","name":"The Ovako Way","url":"https:\/\/theovakoway.com\/","logo":{"@type":"ImageObject","inLanguage":"fi","@id":"https:\/\/theovakoway.com\/#\/schema\/logo\/image\/","url":"https:\/\/theovakoway.com\/wp-content\/uploads\/2024\/05\/TOW-logo-black.png","contentUrl":"https:\/\/theovakoway.com\/wp-content\/uploads\/2024\/05\/TOW-logo-black.png","width":500,"height":500,"caption":"The Ovako Way"},"image":{"@id":"https:\/\/theovakoway.com\/#\/schema\/logo\/image\/"}}]}},"_links":{"self":[{"href":"https:\/\/theovakoway.com\/fi\/wp-json\/wp\/v2\/pages\/1851","targetHints":{"allow":["GET"]}}],"collection":[{"href":"https:\/\/theovakoway.com\/fi\/wp-json\/wp\/v2\/pages"}],"about":[{"href":"https:\/\/theovakoway.com\/fi\/wp-json\/wp\/v2\/types\/page"}],"author":[{"embeddable":true,"href":"https:\/\/theovakoway.com\/fi\/wp-json\/wp\/v2\/users\/1"}],"replies":[{"embeddable":true,"href":"https:\/\/theovakoway.com\/fi\/wp-json\/wp\/v2\/comments?post=1851"}],"version-history":[{"count":3,"href":"https:\/\/theovakoway.com\/fi\/wp-json\/wp\/v2\/pages\/1851\/revisions"}],"predecessor-version":[{"id":2428,"href":"https:\/\/theovakoway.com\/fi\/wp-json\/wp\/v2\/pages\/1851\/revisions\/2428"}],"wp:attachment":[{"href":"https:\/\/theovakoway.com\/fi\/wp-json\/wp\/v2\/media?parent=1851"}],"curies":[{"name":"wp","href":"https:\/\/api.w.org\/{rel}","templated":true}]}}