{"id":739,"date":"2024-05-13T14:17:28","date_gmt":"2024-05-13T14:17:28","guid":{"rendered":"https:\/\/theovakoway.com\/the-ovako-way\/"},"modified":"2025-09-05T07:58:13","modified_gmt":"2025-09-05T07:58:13","slug":"the-ovako-way","status":"publish","type":"page","link":"https:\/\/theovakoway.com\/fi\/","title":{"rendered":"The Ovako Way"},"content":{"rendered":"\t\t<div data-elementor-type=\"wp-page\" data-elementor-id=\"739\" class=\"elementor elementor-739 elementor-73\" data-elementor-post-type=\"page\">\n\t\t\t\t<div class=\"elementor-element elementor-element-6b844ba e-con-full animated-fast e-flex elementor-invisible e-con e-parent\" data-id=\"6b844ba\" data-element_type=\"container\" data-settings=\"{&quot;background_background&quot;:&quot;classic&quot;,&quot;animation&quot;:&quot;fadeInDown&quot;}\">\n\t\t\t\t<div class=\"elementor-element elementor-element-a62cd63 elementor-widget elementor-widget-heading\" data-id=\"a62cd63\" data-element_type=\"widget\" data-widget_type=\"heading.default\">\n\t\t\t\t<div class=\"elementor-widget-container\">\n\t\t\t\t\t<h1 class=\"elementor-heading-title elementor-size-default\">YHDESS\u00c4 JALOSTAMME TER\u00c4ST\u00c4 KEST\u00c4V\u00c4LLE YHTEISKUNNALLE<\/h1>\t\t\t\t<\/div>\n\t\t\t\t<\/div>\n\t\t\t\t<\/div>\n\t\t<div class=\"elementor-element elementor-element-dde28e8 e-con-full e-flex e-con e-parent\" data-id=\"dde28e8\" data-element_type=\"container\">\n\t\t<div class=\"elementor-element elementor-element-7779e8f e-con-full e-flex e-con e-child\" data-id=\"7779e8f\" data-element_type=\"container\" data-settings=\"{&quot;background_background&quot;:&quot;classic&quot;}\">\n\t\t\t\t<\/div>\n\t\t<div class=\"elementor-element elementor-element-f2e30ab e-con-full e-flex e-con e-child\" data-id=\"f2e30ab\" data-element_type=\"container\" data-settings=\"{&quot;background_background&quot;:&quot;classic&quot;}\">\n\t\t\t\t<div class=\"elementor-element elementor-element-c937d69 elementor-widget elementor-widget-heading\" data-id=\"c937d69\" data-element_type=\"widget\" data-widget_type=\"heading.default\">\n\t\t\t\t<div class=\"elementor-widget-container\">\n\t\t\t\t\t<h2 class=\"elementor-heading-title elementor-size-default\">Kes\u00e4n suuri valokuvakilpailu on ratkennut!<\/h2>\t\t\t\t<\/div>\n\t\t\t\t<\/div>\n\t\t\t\t<div class=\"elementor-element elementor-element-4392c8f elementor-widget elementor-widget-text-editor\" data-id=\"4392c8f\" data-element_type=\"widget\" data-widget_type=\"text-editor.default\">\n\t\t\t\t<div class=\"elementor-widget-container\">\n\t\t\t\t\t\t\t\t\t<p>Katso palkitut kuvat sek\u00e4 kaikki muut kes\u00e4haasteeseen osallistuneet kuvat t\u00e4\u00e4lt\u00e4.<\/p>\t\t\t\t\t\t\t\t<\/div>\n\t\t\t\t<\/div>\n\t\t\t\t<div class=\"elementor-element elementor-element-767677f elementor-align-center elementor-widget elementor-widget-button\" data-id=\"767677f\" data-element_type=\"widget\" data-widget_type=\"button.default\">\n\t\t\t\t<div class=\"elementor-widget-container\">\n\t\t\t\t\t\t\t\t\t<div class=\"elementor-button-wrapper\">\n\t\t\t\t\t<a class=\"elementor-button elementor-button-link elementor-size-sm elementor-animation-grow\" href=\"https:\/\/theovakoway.com\/fi\/summer-challenge-winner\/\">\n\t\t\t\t\t\t<span class=\"elementor-button-content-wrapper\">\n\t\t\t\t\t\t\t\t\t<span class=\"elementor-button-text\">katso voittajakuvia!<\/span>\n\t\t\t\t\t<\/span>\n\t\t\t\t\t<\/a>\n\t\t\t\t<\/div>\n\t\t\t\t\t\t\t\t<\/div>\n\t\t\t\t<\/div>\n\t\t\t\t<\/div>\n\t\t\t\t<\/div>\n\t\t<div class=\"elementor-element elementor-element-ebac4f2 e-con-full e-flex e-con e-parent\" data-id=\"ebac4f2\" data-element_type=\"container\">\n\t\t<div class=\"elementor-element elementor-element-6b30330 e-con-full e-flex e-con e-child\" data-id=\"6b30330\" data-element_type=\"container\" data-settings=\"{&quot;background_background&quot;:&quot;classic&quot;}\">\n\t\t\t\t<div class=\"elementor-element elementor-element-f191896 elementor-widget elementor-widget-heading\" data-id=\"f191896\" data-element_type=\"widget\" data-widget_type=\"heading.default\">\n\t\t\t\t<div class=\"elementor-widget-container\">\n\t\t\t\t\t<h1 class=\"elementor-heading-title elementor-size-default\">THE OVAKO WAY -KANNANOTTO<\/h1>\t\t\t\t<\/div>\n\t\t\t\t<\/div>\n\t\t\t\t<div class=\"elementor-element elementor-element-8adde03 elementor-widget elementor-widget-text-editor\" data-id=\"8adde03\" data-element_type=\"widget\" data-widget_type=\"text-editor.default\">\n\t\t\t\t<div class=\"elementor-widget-container\">\n\t\t\t\t\t\t\t\t\t<div><p>Maailma muuttuu, ja meid\u00e4n on sopeuduttava siihen ja tuettava ter\u00e4ksen tuotannon kest\u00e4v\u00e4\u00e4 muutosta.\u00a0Olemme p\u00e4\u00e4tt\u00e4neet haastaa itsemme, asiakkaamme ja kilpailijamme nopeuttamaan siirtym\u00e4\u00e4 hiilineutraaliin, kest\u00e4v\u00e4\u00e4n yhteiskuntaan.<\/p><p>Yhdess\u00e4 voimme saavuttaa tuloksia, emme vain Ovakolle vaan tuleville sukupolville.<\/p><\/div>\t\t\t\t\t\t\t\t<\/div>\n\t\t\t\t<\/div>\n\t\t\t\t<div class=\"elementor-element elementor-element-deb9e29 elementor-align-center elementor-widget elementor-widget-button\" data-id=\"deb9e29\" data-element_type=\"widget\" data-widget_type=\"button.default\">\n\t\t\t\t<div class=\"elementor-widget-container\">\n\t\t\t\t\t\t\t\t\t<div class=\"elementor-button-wrapper\">\n\t\t\t\t\t<a class=\"elementor-button elementor-button-link elementor-size-sm elementor-animation-grow\" href=\"https:\/\/theovakoway.com\/fi\/the-statement\/\">\n\t\t\t\t\t\t<span class=\"elementor-button-content-wrapper\">\n\t\t\t\t\t\t\t\t\t<span class=\"elementor-button-text\"> Lue kannanotto!  <\/span>\n\t\t\t\t\t<\/span>\n\t\t\t\t\t<\/a>\n\t\t\t\t<\/div>\n\t\t\t\t\t\t\t\t<\/div>\n\t\t\t\t<\/div>\n\t\t\t\t<\/div>\n\t\t<div class=\"elementor-element elementor-element-f86832f e-con-full e-flex e-con e-child\" data-id=\"f86832f\" data-element_type=\"container\" data-settings=\"{&quot;background_background&quot;:&quot;classic&quot;}\">\n\t\t\t\t<div class=\"elementor-element elementor-element-802af52 elementor-widget elementor-widget-counter\" data-id=\"802af52\" data-element_type=\"widget\" data-widget_type=\"counter.default\">\n\t\t\t\t<div class=\"elementor-widget-container\">\n\t\t\t\t\t\t\t<div class=\"elementor-counter\">\n\t\t\t\t\t\t<div class=\"elementor-counter-number-wrapper\">\n\t\t\t\t<span class=\"elementor-counter-number-prefix\"><\/span>\n\t\t\t\t<span class=\"elementor-counter-number\" data-duration=\"2000\" data-to-value=\"2065\" data-from-value=\"0\" data-delimiter=\".\">0<\/span>\n\t\t\t\t<span class=\"elementor-counter-number-suffix\"><\/span>\n\t\t\t<\/div>\n\t\t<\/div>\n\t\t\t\t\t\t<\/div>\n\t\t\t\t<\/div>\n\t\t\t\t<div class=\"elementor-element elementor-element-8516bbf elementor-widget elementor-widget-heading\" data-id=\"8516bbf\" data-element_type=\"widget\" data-widget_type=\"heading.default\">\n\t\t\t\t<div class=\"elementor-widget-container\">\n\t\t\t\t\t<h2 class=\"elementor-heading-title elementor-size-default\">TY\u00d6NTEKIJ\u00c4MME ALLEKIRJOITTIVAT SEN!<\/h2>\t\t\t\t<\/div>\n\t\t\t\t<\/div>\n\t\t\t\t<div class=\"elementor-element elementor-element-56655aa elementor-widget elementor-widget-text-editor\" data-id=\"56655aa\" data-element_type=\"widget\" data-widget_type=\"text-editor.default\">\n\t\t\t\t<div class=\"elementor-widget-container\">\n\t\t\t\t\t\t\t\t\t<div style=\"text-align: center;\"><p>Ovakon ty\u00f6ntekij\u00e4t kaikkialla maailmassa tukevat The Ovako Way -kannanottoa \u2013 tutustu heihin t\u00e4\u00e4ll\u00e4.<\/p><\/div>\t\t\t\t\t\t\t\t<\/div>\n\t\t\t\t<\/div>\n\t\t\t\t<div class=\"elementor-element elementor-element-7241659 elementor-align-center elementor-widget elementor-widget-button\" data-id=\"7241659\" data-element_type=\"widget\" data-widget_type=\"button.default\">\n\t\t\t\t<div class=\"elementor-widget-container\">\n\t\t\t\t\t\t\t\t\t<div class=\"elementor-button-wrapper\">\n\t\t\t\t\t<a class=\"elementor-button elementor-button-link elementor-size-sm elementor-animation-grow\" href=\"https:\/\/theovakoway.com\/fi\/sites-image-gallery\/\">\n\t\t\t\t\t\t<span class=\"elementor-button-content-wrapper\">\n\t\t\t\t\t\t\t\t\t<span class=\"elementor-button-text\">TUTUSTU HEIHIN T\u00c4\u00c4LL\u00c4  <\/span>\n\t\t\t\t\t<\/span>\n\t\t\t\t\t<\/a>\n\t\t\t\t<\/div>\n\t\t\t\t\t\t\t\t<\/div>\n\t\t\t\t<\/div>\n\t\t\t\t<\/div>\n\t\t\t\t<\/div>\n\t\t<div class=\"elementor-element elementor-element-2d10c00 e-con-full e-flex e-con e-parent\" data-id=\"2d10c00\" data-element_type=\"container\">\n\t\t<div class=\"elementor-element elementor-element-4f60f6e e-con-full e-flex e-con e-child\" data-id=\"4f60f6e\" data-element_type=\"container\" data-settings=\"{&quot;background_background&quot;:&quot;classic&quot;}\">\n\t\t\t\t<div class=\"elementor-element elementor-element-acd8777 elementor-widget elementor-widget-heading\" data-id=\"acd8777\" data-element_type=\"widget\" data-widget_type=\"heading.default\">\n\t\t\t\t<div class=\"elementor-widget-container\">\n\t\t\t\t\t<h1 class=\"elementor-heading-title elementor-size-default\">OVAKON \u00c4\u00c4NI\u00c4\n<\/h1>\t\t\t\t<\/div>\n\t\t\t\t<\/div>\n\t\t\t\t<div class=\"elementor-element elementor-element-25a2c8a elementor-widget elementor-widget-text-editor\" data-id=\"25a2c8a\" data-element_type=\"widget\" data-widget_type=\"text-editor.default\">\n\t\t\t\t<div class=\"elementor-widget-container\">\n\t\t\t\t\t\t\t\t\t<p style=\"text-align: center;\">Kysyimme Ovakon ty\u00f6ntekij\u00f6ilt\u00e4 eri puolilla maailmaa, miten luonnollisesti sanat uusiutumiskyky, osaaminen ja vastuullisuus liittyv\u00e4t heid\u00e4n ty\u00f6h\u00f6ns\u00e4.\u00a0Ota selv\u00e4\u00e4, mit\u00e4 he sanoivat.<\/p>\t\t\t\t\t\t\t\t<\/div>\n\t\t\t\t<\/div>\n\t\t\t\t<div class=\"elementor-element elementor-element-abfcec4 elementor-align-center elementor-widget elementor-widget-button\" data-id=\"abfcec4\" data-element_type=\"widget\" data-widget_type=\"button.default\">\n\t\t\t\t<div class=\"elementor-widget-container\">\n\t\t\t\t\t\t\t\t\t<div class=\"elementor-button-wrapper\">\n\t\t\t\t\t<a class=\"elementor-button elementor-button-link elementor-size-sm elementor-animation-grow\" href=\"https:\/\/theovakoway.com\/fi\/the-ovako-voices\/\">\n\t\t\t\t\t\t<span class=\"elementor-button-content-wrapper\">\n\t\t\t\t\t\t\t\t\t<span class=\"elementor-button-text\">Katso videot ja lue heid\u00e4n tarinana  <\/span>\n\t\t\t\t\t<\/span>\n\t\t\t\t\t<\/a>\n\t\t\t\t<\/div>\n\t\t\t\t\t\t\t\t<\/div>\n\t\t\t\t<\/div>\n\t\t\t\t<\/div>\n\t\t<div class=\"elementor-element elementor-element-33f8e0a e-con-full e-flex e-con e-child\" data-id=\"33f8e0a\" data-element_type=\"container\" data-settings=\"{&quot;background_background&quot;:&quot;classic&quot;}\">\n\t\t\t\t<div class=\"elementor-element elementor-element-f991197 elementor-widget elementor-widget-heading\" data-id=\"f991197\" data-element_type=\"widget\" data-widget_type=\"heading.default\">\n\t\t\t\t<div class=\"elementor-widget-container\">\n\t\t\t\t\t<h1 class=\"elementor-heading-title elementor-size-default\">TUTUSTU KONSERNIJOHTAJA MARCUKSEEN<\/h1>\t\t\t\t<\/div>\n\t\t\t\t<\/div>\n\t\t\t\t<div class=\"elementor-element elementor-element-97fead6 elementor-widget elementor-widget-text-editor\" data-id=\"97fead6\" data-element_type=\"widget\" data-widget_type=\"text-editor.default\">\n\t\t\t\t<div class=\"elementor-widget-container\">\n\t\t\t\t\t\t\t\t\t<div style=\"text-align: center;\"><p>Autamme luotettavana koneenrakennuster\u00e4ksen toimittajana asiakkaita pienent\u00e4m\u00e4\u00e4n hiilip\u00e4\u00e4st\u00f6j\u00e4\u00e4n. Kuuntele, mit\u00e4 konsernijohtajallamme Marcus Hedblomilla on sanottavaa.<\/p><\/div>\t\t\t\t\t\t\t\t<\/div>\n\t\t\t\t<\/div>\n\t\t\t\t<div class=\"elementor-element elementor-element-f49c9b7 elementor-align-center elementor-widget elementor-widget-button\" data-id=\"f49c9b7\" data-element_type=\"widget\" data-widget_type=\"button.default\">\n\t\t\t\t<div class=\"elementor-widget-container\">\n\t\t\t\t\t\t\t\t\t<div class=\"elementor-button-wrapper\">\n\t\t\t\t\t<a class=\"elementor-button elementor-button-link elementor-size-sm elementor-animation-grow\" href=\"https:\/\/theovakoway.com\/fi\/a-word-from-our-ceo-marcus\/\">\n\t\t\t\t\t\t<span class=\"elementor-button-content-wrapper\">\n\t\t\t\t\t\t\t\t\t<span class=\"elementor-button-text\">Katso Marcusin video <\/span>\n\t\t\t\t\t<\/span>\n\t\t\t\t\t<\/a>\n\t\t\t\t<\/div>\n\t\t\t\t\t\t\t\t<\/div>\n\t\t\t\t<\/div>\n\t\t\t\t<\/div>\n\t\t\t\t<\/div>\n\t\t<div class=\"elementor-element elementor-element-16f1f0e e-con-full e-flex e-con e-parent\" data-id=\"16f1f0e\" data-element_type=\"container\">\n\t\t<div class=\"elementor-element elementor-element-7a58647 e-con-full e-flex e-con e-child\" data-id=\"7a58647\" data-element_type=\"container\" data-settings=\"{&quot;background_background&quot;:&quot;classic&quot;}\">\n\t\t\t\t<div class=\"elementor-element elementor-element-f726bb0 elementor-widget elementor-widget-heading\" data-id=\"f726bb0\" data-element_type=\"widget\" data-widget_type=\"heading.default\">\n\t\t\t\t<div class=\"elementor-widget-container\">\n\t\t\t\t\t<h1 class=\"elementor-heading-title elementor-size-default\">PANOSTAMME TULEVAISUUTEEN<\/h1>\t\t\t\t<\/div>\n\t\t\t\t<\/div>\n\t\t\t\t<div class=\"elementor-element elementor-element-b017e3f elementor-widget elementor-widget-text-editor\" data-id=\"b017e3f\" data-element_type=\"widget\" data-widget_type=\"text-editor.default\">\n\t\t\t\t<div class=\"elementor-widget-container\">\n\t\t\t\t\t\t\t\t\t<p style=\"text-align: center;\">Panostamme jatkuvasti ty\u00f6ntekij\u00f6ihimme ja laitteisiimme, jotta pystymme jalostamaan ter\u00e4st\u00e4 kest\u00e4v\u00e4lle yhteiskunnalle. Uusiutumiskykyiset, osaavat ja vastuulliset ihmiset<\/p>\t\t\t\t\t\t\t\t<\/div>\n\t\t\t\t<\/div>\n\t\t\t\t<div class=\"elementor-element elementor-element-3c0b4bc elementor-align-center elementor-widget elementor-widget-button\" data-id=\"3c0b4bc\" data-element_type=\"widget\" data-widget_type=\"button.default\">\n\t\t\t\t<div class=\"elementor-widget-container\">\n\t\t\t\t\t\t\t\t\t<div class=\"elementor-button-wrapper\">\n\t\t\t\t\t<a class=\"elementor-button elementor-button-link elementor-size-sm elementor-animation-grow\" href=\"https:\/\/theovakoway.com\/investing-in-the-future\/\">\n\t\t\t\t\t\t<span class=\"elementor-button-content-wrapper\">\n\t\t\t\t\t\t\t\t\t<span class=\"elementor-button-text\"> LUE LIS\u00c4\u00c4 INVESTOINNEISTAMME <\/span>\n\t\t\t\t\t<\/span>\n\t\t\t\t\t<\/a>\n\t\t\t\t<\/div>\n\t\t\t\t\t\t\t\t<\/div>\n\t\t\t\t<\/div>\n\t\t\t\t<\/div>\n\t\t<div class=\"elementor-element elementor-element-8fc36ba e-con-full e-flex e-con e-child\" data-id=\"8fc36ba\" data-element_type=\"container\" data-settings=\"{&quot;background_background&quot;:&quot;classic&quot;}\">\n\t\t\t\t<div class=\"elementor-element elementor-element-8a1a3b3 elementor-widget elementor-widget-heading\" data-id=\"8a1a3b3\" data-element_type=\"widget\" data-widget_type=\"heading.default\">\n\t\t\t\t<div class=\"elementor-widget-container\">\n\t\t\t\t\t<h1 class=\"elementor-heading-title elementor-size-default\">TUTUSTU TARKEMMIN OVAKOON<\/h1>\t\t\t\t<\/div>\n\t\t\t\t<\/div>\n\t\t\t\t<div class=\"elementor-element elementor-element-eb9a9f9 elementor-widget elementor-widget-text-editor\" data-id=\"eb9a9f9\" data-element_type=\"widget\" data-widget_type=\"text-editor.default\">\n\t\t\t\t<div class=\"elementor-widget-container\">\n\t\t\t\t\t\t\t\t\t<p style=\"text-align: center;\">Jos haluat tarkempia tietoja Ovakosta, laajasta romuter\u00e4ksest\u00e4 valmistetusta ter\u00e4stuotevalikoimastamme tai Ovakon uramahdollisuuksista, tutustu verkkosivustoomme osoitteessa ovako.com<\/p>\t\t\t\t\t\t\t\t<\/div>\n\t\t\t\t<\/div>\n\t\t\t\t<div class=\"elementor-element elementor-element-c3679b5 elementor-align-center elementor-widget elementor-widget-button\" data-id=\"c3679b5\" data-element_type=\"widget\" data-widget_type=\"button.default\">\n\t\t\t\t<div class=\"elementor-widget-container\">\n\t\t\t\t\t\t\t\t\t<div class=\"elementor-button-wrapper\">\n\t\t\t\t\t<a class=\"elementor-button elementor-button-link elementor-size-sm elementor-animation-grow\" href=\"https:\/\/ovako.com\" target=\"_blank\">\n\t\t\t\t\t\t<span class=\"elementor-button-content-wrapper\">\n\t\t\t\t\t\t\t\t\t<span class=\"elementor-button-text\"> Siirry sivustolle OVAKO.com<\/span>\n\t\t\t\t\t<\/span>\n\t\t\t\t\t<\/a>\n\t\t\t\t<\/div>\n\t\t\t\t\t\t\t\t<\/div>\n\t\t\t\t<\/div>\n\t\t\t\t<\/div>\n\t\t\t\t<\/div>\n\t\t\t\t<\/div>\n\t\t","protected":false},"excerpt":{"rendered":"<p>YHDESS\u00c4 JALOSTAMME TER\u00c4ST\u00c4 KEST\u00c4V\u00c4LLE YHTEISKUNNALLE Kes\u00e4n suuri valokuvakilpailu on ratkennut! Katso palkitut kuvat sek\u00e4 kaikki muut kes\u00e4haasteeseen osallistuneet kuvat t\u00e4\u00e4lt\u00e4. katso voittajakuvia! THE OVAKO WAY -KANNANOTTO Maailma muuttuu, ja meid\u00e4n on sopeuduttava siihen ja tuettava ter\u00e4ksen tuotannon kest\u00e4v\u00e4\u00e4 muutosta.\u00a0Olemme p\u00e4\u00e4tt\u00e4neet haastaa itsemme, asiakkaamme ja kilpailijamme nopeuttamaan siirtym\u00e4\u00e4 hiilineutraaliin, kest\u00e4v\u00e4\u00e4n yhteiskuntaan. Yhdess\u00e4 voimme saavuttaa tuloksia, emme [&hellip;]<\/p>\n","protected":false},"author":1,"featured_media":0,"parent":0,"menu_order":0,"comment_status":"closed","ping_status":"closed","template":"","meta":{"footnotes":""},"class_list":["post-739","page","type-page","status-publish","hentry"],"yoast_head":"<!-- This site is optimized with the Yoast SEO plugin v25.5 - https:\/\/yoast.com\/wordpress\/plugins\/seo\/ -->\n<title>The Ovako Way - The Ovako Way<\/title>\n<meta name=\"robots\" content=\"index, follow, max-snippet:-1, max-image-preview:large, max-video-preview:-1\" \/>\n<link rel=\"canonical\" href=\"https:\/\/theovakoway.com\/\" \/>\n<meta property=\"og:locale\" content=\"fi_FI\" \/>\n<meta property=\"og:type\" content=\"article\" \/>\n<meta property=\"og:title\" content=\"The Ovako Way - The Ovako Way\" \/>\n<meta property=\"og:description\" content=\"YHDESS\u00c4 JALOSTAMME TER\u00c4ST\u00c4 KEST\u00c4V\u00c4LLE YHTEISKUNNALLE Kes\u00e4n suuri valokuvakilpailu on ratkennut! Katso palkitut kuvat sek\u00e4 kaikki muut kes\u00e4haasteeseen osallistuneet kuvat t\u00e4\u00e4lt\u00e4. katso voittajakuvia! THE OVAKO WAY -KANNANOTTO Maailma muuttuu, ja meid\u00e4n on sopeuduttava siihen ja tuettava ter\u00e4ksen tuotannon kest\u00e4v\u00e4\u00e4 muutosta.\u00a0Olemme p\u00e4\u00e4tt\u00e4neet haastaa itsemme, asiakkaamme ja kilpailijamme nopeuttamaan siirtym\u00e4\u00e4 hiilineutraaliin, kest\u00e4v\u00e4\u00e4n yhteiskuntaan. Yhdess\u00e4 voimme saavuttaa tuloksia, emme [&hellip;]\" \/>\n<meta property=\"og:url\" content=\"https:\/\/theovakoway.com\/\" \/>\n<meta property=\"og:site_name\" content=\"The Ovako Way\" \/>\n<meta property=\"article:modified_time\" content=\"2025-09-05T07:58:13+00:00\" \/>\n<meta name=\"twitter:card\" content=\"summary_large_image\" \/>\n<meta name=\"twitter:label1\" content=\"Arvioitu lukuaika\" \/>\n\t<meta name=\"twitter:data1\" content=\"1 minuutti\" \/>\n<script type=\"application\/ld+json\" class=\"yoast-schema-graph\">{\"@context\":\"https:\/\/schema.org\",\"@graph\":[{\"@type\":\"WebPage\",\"@id\":\"https:\/\/theovakoway.com\/\",\"url\":\"https:\/\/theovakoway.com\/\",\"name\":\"The Ovako Way - The Ovako Way\",\"isPartOf\":{\"@id\":\"https:\/\/theovakoway.com\/#website\"},\"datePublished\":\"2024-05-13T14:17:28+00:00\",\"dateModified\":\"2025-09-05T07:58:13+00:00\",\"breadcrumb\":{\"@id\":\"https:\/\/theovakoway.com\/#breadcrumb\"},\"inLanguage\":\"fi\",\"potentialAction\":[{\"@type\":\"ReadAction\",\"target\":[\"https:\/\/theovakoway.com\/\"]}]},{\"@type\":\"BreadcrumbList\",\"@id\":\"https:\/\/theovakoway.com\/#breadcrumb\",\"itemListElement\":[{\"@type\":\"ListItem\",\"position\":1,\"name\":\"Home\",\"item\":\"https:\/\/theovakoway.com\/\"},{\"@type\":\"ListItem\",\"position\":2,\"name\":\"The Ovako Way\"}]},{\"@type\":\"WebSite\",\"@id\":\"https:\/\/theovakoway.com\/#website\",\"url\":\"https:\/\/theovakoway.com\/\",\"name\":\"The Ovako Way\",\"description\":\"\",\"publisher\":{\"@id\":\"https:\/\/theovakoway.com\/#organization\"},\"potentialAction\":[{\"@type\":\"SearchAction\",\"target\":{\"@type\":\"EntryPoint\",\"urlTemplate\":\"https:\/\/theovakoway.com\/?s={search_term_string}\"},\"query-input\":{\"@type\":\"PropertyValueSpecification\",\"valueRequired\":true,\"valueName\":\"search_term_string\"}}],\"inLanguage\":\"fi\"},{\"@type\":\"Organization\",\"@id\":\"https:\/\/theovakoway.com\/#organization\",\"name\":\"The Ovako Way\",\"url\":\"https:\/\/theovakoway.com\/\",\"logo\":{\"@type\":\"ImageObject\",\"inLanguage\":\"fi\",\"@id\":\"https:\/\/theovakoway.com\/#\/schema\/logo\/image\/\",\"url\":\"https:\/\/theovakoway.com\/wp-content\/uploads\/2024\/05\/TOW-logo-black.png\",\"contentUrl\":\"https:\/\/theovakoway.com\/wp-content\/uploads\/2024\/05\/TOW-logo-black.png\",\"width\":500,\"height\":500,\"caption\":\"The Ovako Way\"},\"image\":{\"@id\":\"https:\/\/theovakoway.com\/#\/schema\/logo\/image\/\"}}]}<\/script>\n<!-- \/ Yoast SEO plugin. -->","yoast_head_json":{"title":"The Ovako Way - The Ovako Way","robots":{"index":"index","follow":"follow","max-snippet":"max-snippet:-1","max-image-preview":"max-image-preview:large","max-video-preview":"max-video-preview:-1"},"canonical":"https:\/\/theovakoway.com\/","og_locale":"fi_FI","og_type":"article","og_title":"The Ovako Way - The Ovako Way","og_description":"YHDESS\u00c4 JALOSTAMME TER\u00c4ST\u00c4 KEST\u00c4V\u00c4LLE YHTEISKUNNALLE Kes\u00e4n suuri valokuvakilpailu on ratkennut! Katso palkitut kuvat sek\u00e4 kaikki muut kes\u00e4haasteeseen osallistuneet kuvat t\u00e4\u00e4lt\u00e4. katso voittajakuvia! THE OVAKO WAY -KANNANOTTO Maailma muuttuu, ja meid\u00e4n on sopeuduttava siihen ja tuettava ter\u00e4ksen tuotannon kest\u00e4v\u00e4\u00e4 muutosta.\u00a0Olemme p\u00e4\u00e4tt\u00e4neet haastaa itsemme, asiakkaamme ja kilpailijamme nopeuttamaan siirtym\u00e4\u00e4 hiilineutraaliin, kest\u00e4v\u00e4\u00e4n yhteiskuntaan. Yhdess\u00e4 voimme saavuttaa tuloksia, emme [&hellip;]","og_url":"https:\/\/theovakoway.com\/","og_site_name":"The Ovako Way","article_modified_time":"2025-09-05T07:58:13+00:00","twitter_card":"summary_large_image","twitter_misc":{"Arvioitu lukuaika":"1 minuutti"},"schema":{"@context":"https:\/\/schema.org","@graph":[{"@type":"WebPage","@id":"https:\/\/theovakoway.com\/","url":"https:\/\/theovakoway.com\/","name":"The Ovako Way - The Ovako Way","isPartOf":{"@id":"https:\/\/theovakoway.com\/#website"},"datePublished":"2024-05-13T14:17:28+00:00","dateModified":"2025-09-05T07:58:13+00:00","breadcrumb":{"@id":"https:\/\/theovakoway.com\/#breadcrumb"},"inLanguage":"fi","potentialAction":[{"@type":"ReadAction","target":["https:\/\/theovakoway.com\/"]}]},{"@type":"BreadcrumbList","@id":"https:\/\/theovakoway.com\/#breadcrumb","itemListElement":[{"@type":"ListItem","position":1,"name":"Home","item":"https:\/\/theovakoway.com\/"},{"@type":"ListItem","position":2,"name":"The Ovako Way"}]},{"@type":"WebSite","@id":"https:\/\/theovakoway.com\/#website","url":"https:\/\/theovakoway.com\/","name":"The Ovako Way","description":"","publisher":{"@id":"https:\/\/theovakoway.com\/#organization"},"potentialAction":[{"@type":"SearchAction","target":{"@type":"EntryPoint","urlTemplate":"https:\/\/theovakoway.com\/?s={search_term_string}"},"query-input":{"@type":"PropertyValueSpecification","valueRequired":true,"valueName":"search_term_string"}}],"inLanguage":"fi"},{"@type":"Organization","@id":"https:\/\/theovakoway.com\/#organization","name":"The Ovako Way","url":"https:\/\/theovakoway.com\/","logo":{"@type":"ImageObject","inLanguage":"fi","@id":"https:\/\/theovakoway.com\/#\/schema\/logo\/image\/","url":"https:\/\/theovakoway.com\/wp-content\/uploads\/2024\/05\/TOW-logo-black.png","contentUrl":"https:\/\/theovakoway.com\/wp-content\/uploads\/2024\/05\/TOW-logo-black.png","width":500,"height":500,"caption":"The Ovako Way"},"image":{"@id":"https:\/\/theovakoway.com\/#\/schema\/logo\/image\/"}}]}},"_links":{"self":[{"href":"https:\/\/theovakoway.com\/fi\/wp-json\/wp\/v2\/pages\/739","targetHints":{"allow":["GET"]}}],"collection":[{"href":"https:\/\/theovakoway.com\/fi\/wp-json\/wp\/v2\/pages"}],"about":[{"href":"https:\/\/theovakoway.com\/fi\/wp-json\/wp\/v2\/types\/page"}],"author":[{"embeddable":true,"href":"https:\/\/theovakoway.com\/fi\/wp-json\/wp\/v2\/users\/1"}],"replies":[{"embeddable":true,"href":"https:\/\/theovakoway.com\/fi\/wp-json\/wp\/v2\/comments?post=739"}],"version-history":[{"count":60,"href":"https:\/\/theovakoway.com\/fi\/wp-json\/wp\/v2\/pages\/739\/revisions"}],"predecessor-version":[{"id":4878,"href":"https:\/\/theovakoway.com\/fi\/wp-json\/wp\/v2\/pages\/739\/revisions\/4878"}],"wp:attachment":[{"href":"https:\/\/theovakoway.com\/fi\/wp-json\/wp\/v2\/media?parent=739"}],"curies":[{"name":"wp","href":"https:\/\/api.w.org\/{rel}","templated":true}]}}