{"id":1564,"date":"2024-08-19T06:17:31","date_gmt":"2024-08-19T06:17:31","guid":{"rendered":"https:\/\/theovakoway.com\/a-word-from-marcus\/"},"modified":"2025-05-30T07:55:28","modified_gmt":"2025-05-30T07:55:28","slug":"a-word-from-marcus","status":"publish","type":"page","link":"https:\/\/theovakoway.com\/sv\/a-word-from-marcus\/","title":{"rendered":"N\u00e5gra ord fr\u00e5n v\u00e5r vd, Marcus"},"content":{"rendered":"\t\t<div data-elementor-type=\"wp-page\" data-elementor-id=\"1564\" class=\"elementor elementor-1564 elementor-1533\" data-elementor-post-type=\"page\">\n\t\t\t\t<div class=\"elementor-element elementor-element-e1a2cf1 e-con-full e-flex e-con e-parent\" data-id=\"e1a2cf1\" data-element_type=\"container\" data-settings=\"{&quot;background_background&quot;:&quot;classic&quot;}\">\n\t\t<div class=\"elementor-element elementor-element-dd99bd6 e-con-full e-flex e-con e-child\" data-id=\"dd99bd6\" data-element_type=\"container\">\n\t\t\t\t<\/div>\n\t\t<div class=\"elementor-element elementor-element-6f43fca e-con-full e-flex e-con e-child\" data-id=\"6f43fca\" data-element_type=\"container\" data-settings=\"{&quot;background_background&quot;:&quot;classic&quot;}\">\n\t\t\t\t<div class=\"elementor-element elementor-element-2a451dc elementor-widget elementor-widget-heading\" data-id=\"2a451dc\" data-element_type=\"widget\" data-widget_type=\"heading.default\">\n\t\t\t\t<div class=\"elementor-widget-container\">\n\t\t\t\t\t<h2 class=\"elementor-heading-title elementor-size-default\">N\u00c5GRA ORD FR\u00c5N MARCUS HEDBLOM, CEO OVAKO<\/h2>\t\t\t\t<\/div>\n\t\t\t\t<\/div>\n\t\t\t\t<div class=\"elementor-element elementor-element-2edf9d4 elementor-widget elementor-widget-text-editor\" data-id=\"2edf9d4\" data-element_type=\"widget\" data-widget_type=\"text-editor.default\">\n\t\t\t\t<div class=\"elementor-widget-container\">\n\t\t\t\t\t\t\t\t\t<p>V\u00e4rlden f\u00f6r\u00e4ndras, klimatutmaningarna inneb\u00e4r att vi beh\u00f6ver bli mer h\u00e5llbara p\u00e5 alla s\u00e4tt.<\/p><p>P\u00e5 Ovako har vi f\u00f6rutsett detta. Vi \u00e4r en f\u00f6reg\u00e5ngare i branschen och skapar h\u00f6gkvalitativt st\u00e5l fr\u00e5n st\u00e5lskrot och driver en verksamhet med ett mycket l\u00e5gt koldioxidavtryck. Detta g\u00f6r oss unika och mycket konkurrenskraftiga.  <\/p><p>Vi \u00e4r \u00f6vertygade om att efterfr\u00e5gan p\u00e5 h\u00e5llbart producerat st\u00e5l kommer att \u00f6ka under de kommande \u00e5ren och vi har redan tagit oss an utmaningen. Vi \u00e4r p\u00e5 god v\u00e4g. Vi har dock f\u00f6r avsikt att forts\u00e4tta omst\u00e4llningen genom att minska v\u00e5rt koldioxidavtryck \u00e4nnu mer. Vi \u00e4r den betrodda st\u00e5lproducenten f\u00f6r industrier som minskar koldioxidutsl\u00e4ppen.    <\/p>\t\t\t\t\t\t\t\t<\/div>\n\t\t\t\t<\/div>\n\t\t\t\t<div class=\"elementor-element elementor-element-ced22f9 elementor-widget elementor-widget-video\" data-id=\"ced22f9\" data-element_type=\"widget\" data-settings=\"{&quot;video_type&quot;:&quot;vimeo&quot;}\" data-widget_type=\"video.default\">\n\t\t\t\t<div class=\"elementor-widget-container\">\n\t\t\t\t\t\t\t<div class=\"elementor-wrapper elementor-open-inline\">\n\t\t\t<iframe class=\"elementor-video-iframe\" allowfullscreen allow=\"clipboard-write\" title=\"vimeo-videospelare\" src=\"https:\/\/player.vimeo.com\/video\/957590888?color&amp;autopause=0&amp;loop=0&amp;muted=0&amp;title=1&amp;portrait=1&amp;byline=1&amp;h=c865d8e6f8#t=\"><\/iframe>\t\t<\/div>\n\t\t\t\t\t\t<\/div>\n\t\t\t\t<\/div>\n\t\t\t\t<\/div>\n\t\t<div class=\"elementor-element elementor-element-3f59031 e-con-full e-flex e-con e-child\" data-id=\"3f59031\" data-element_type=\"container\">\n\t\t\t\t<\/div>\n\t\t\t\t<\/div>\n\t\t\t\t<\/div>\n\t\t","protected":false},"excerpt":{"rendered":"<p>N\u00c5GRA ORD FR\u00c5N MARCUS HEDBLOM, CEO OVAKO V\u00e4rlden f\u00f6r\u00e4ndras, klimatutmaningarna inneb\u00e4r att vi beh\u00f6ver bli mer h\u00e5llbara p\u00e5 alla s\u00e4tt. P\u00e5 Ovako har vi f\u00f6rutsett detta. Vi \u00e4r en f\u00f6reg\u00e5ngare i branschen och skapar h\u00f6gkvalitativt st\u00e5l fr\u00e5n st\u00e5lskrot och driver en verksamhet med ett mycket l\u00e5gt koldioxidavtryck. Detta g\u00f6r oss unika och mycket konkurrenskraftiga. Vi [&hellip;]<\/p>\n","protected":false},"author":3,"featured_media":0,"parent":0,"menu_order":0,"comment_status":"closed","ping_status":"closed","template":"","meta":{"footnotes":""},"class_list":["post-1564","page","type-page","status-publish","hentry"],"yoast_head":"<!-- This site is optimized with the Yoast SEO plugin v25.5 - https:\/\/yoast.com\/wordpress\/plugins\/seo\/ -->\n<title>N\u00e5gra ord fr\u00e5n v\u00e5r vd, Marcus - The Ovako Way<\/title>\n<meta name=\"robots\" content=\"index, follow, max-snippet:-1, max-image-preview:large, max-video-preview:-1\" \/>\n<link rel=\"canonical\" href=\"https:\/\/theovakoway.com\/sv\/a-word-from-marcus\/\" \/>\n<meta property=\"og:locale\" content=\"sv_SE\" \/>\n<meta property=\"og:type\" content=\"article\" \/>\n<meta property=\"og:title\" content=\"N\u00e5gra ord fr\u00e5n v\u00e5r vd, Marcus - The Ovako Way\" \/>\n<meta property=\"og:description\" content=\"N\u00c5GRA ORD FR\u00c5N MARCUS HEDBLOM, CEO OVAKO V\u00e4rlden f\u00f6r\u00e4ndras, klimatutmaningarna inneb\u00e4r att vi beh\u00f6ver bli mer h\u00e5llbara p\u00e5 alla s\u00e4tt. P\u00e5 Ovako har vi f\u00f6rutsett detta. Vi \u00e4r en f\u00f6reg\u00e5ngare i branschen och skapar h\u00f6gkvalitativt st\u00e5l fr\u00e5n st\u00e5lskrot och driver en verksamhet med ett mycket l\u00e5gt koldioxidavtryck. Detta g\u00f6r oss unika och mycket konkurrenskraftiga. Vi [&hellip;]\" \/>\n<meta property=\"og:url\" content=\"https:\/\/theovakoway.com\/sv\/a-word-from-marcus\/\" \/>\n<meta property=\"og:site_name\" content=\"The Ovako Way\" \/>\n<meta property=\"article:modified_time\" content=\"2025-05-30T07:55:28+00:00\" \/>\n<meta name=\"twitter:card\" content=\"summary_large_image\" \/>\n<meta name=\"twitter:label1\" content=\"Ber\u00e4knad l\u00e4stid\" \/>\n\t<meta name=\"twitter:data1\" content=\"1 minut\" \/>\n<script type=\"application\/ld+json\" class=\"yoast-schema-graph\">{\"@context\":\"https:\/\/schema.org\",\"@graph\":[{\"@type\":\"WebPage\",\"@id\":\"https:\/\/theovakoway.com\/sv\/a-word-from-marcus\/\",\"url\":\"https:\/\/theovakoway.com\/sv\/a-word-from-marcus\/\",\"name\":\"N\u00e5gra ord fr\u00e5n v\u00e5r vd, Marcus - The Ovako Way\",\"isPartOf\":{\"@id\":\"https:\/\/theovakoway.com\/#website\"},\"datePublished\":\"2024-08-19T06:17:31+00:00\",\"dateModified\":\"2025-05-30T07:55:28+00:00\",\"breadcrumb\":{\"@id\":\"https:\/\/theovakoway.com\/sv\/a-word-from-marcus\/#breadcrumb\"},\"inLanguage\":\"sv-SE\",\"potentialAction\":[{\"@type\":\"ReadAction\",\"target\":[\"https:\/\/theovakoway.com\/sv\/a-word-from-marcus\/\"]}]},{\"@type\":\"BreadcrumbList\",\"@id\":\"https:\/\/theovakoway.com\/sv\/a-word-from-marcus\/#breadcrumb\",\"itemListElement\":[{\"@type\":\"ListItem\",\"position\":1,\"name\":\"Home\",\"item\":\"https:\/\/theovakoway.com\/\"},{\"@type\":\"ListItem\",\"position\":2,\"name\":\"N\u00e5gra ord fr\u00e5n v\u00e5r vd, Marcus\"}]},{\"@type\":\"WebSite\",\"@id\":\"https:\/\/theovakoway.com\/#website\",\"url\":\"https:\/\/theovakoway.com\/\",\"name\":\"The Ovako Way\",\"description\":\"\",\"publisher\":{\"@id\":\"https:\/\/theovakoway.com\/#organization\"},\"potentialAction\":[{\"@type\":\"SearchAction\",\"target\":{\"@type\":\"EntryPoint\",\"urlTemplate\":\"https:\/\/theovakoway.com\/?s={search_term_string}\"},\"query-input\":{\"@type\":\"PropertyValueSpecification\",\"valueRequired\":true,\"valueName\":\"search_term_string\"}}],\"inLanguage\":\"sv-SE\"},{\"@type\":\"Organization\",\"@id\":\"https:\/\/theovakoway.com\/#organization\",\"name\":\"The Ovako Way\",\"url\":\"https:\/\/theovakoway.com\/\",\"logo\":{\"@type\":\"ImageObject\",\"inLanguage\":\"sv-SE\",\"@id\":\"https:\/\/theovakoway.com\/#\/schema\/logo\/image\/\",\"url\":\"https:\/\/theovakoway.com\/wp-content\/uploads\/2024\/05\/TOW-logo-black.png\",\"contentUrl\":\"https:\/\/theovakoway.com\/wp-content\/uploads\/2024\/05\/TOW-logo-black.png\",\"width\":500,\"height\":500,\"caption\":\"The Ovako Way\"},\"image\":{\"@id\":\"https:\/\/theovakoway.com\/#\/schema\/logo\/image\/\"}}]}<\/script>\n<!-- \/ Yoast SEO plugin. -->","yoast_head_json":{"title":"N\u00e5gra ord fr\u00e5n v\u00e5r vd, Marcus - The Ovako Way","robots":{"index":"index","follow":"follow","max-snippet":"max-snippet:-1","max-image-preview":"max-image-preview:large","max-video-preview":"max-video-preview:-1"},"canonical":"https:\/\/theovakoway.com\/sv\/a-word-from-marcus\/","og_locale":"sv_SE","og_type":"article","og_title":"N\u00e5gra ord fr\u00e5n v\u00e5r vd, Marcus - The Ovako Way","og_description":"N\u00c5GRA ORD FR\u00c5N MARCUS HEDBLOM, CEO OVAKO V\u00e4rlden f\u00f6r\u00e4ndras, klimatutmaningarna inneb\u00e4r att vi beh\u00f6ver bli mer h\u00e5llbara p\u00e5 alla s\u00e4tt. P\u00e5 Ovako har vi f\u00f6rutsett detta. Vi \u00e4r en f\u00f6reg\u00e5ngare i branschen och skapar h\u00f6gkvalitativt st\u00e5l fr\u00e5n st\u00e5lskrot och driver en verksamhet med ett mycket l\u00e5gt koldioxidavtryck. Detta g\u00f6r oss unika och mycket konkurrenskraftiga. Vi [&hellip;]","og_url":"https:\/\/theovakoway.com\/sv\/a-word-from-marcus\/","og_site_name":"The Ovako Way","article_modified_time":"2025-05-30T07:55:28+00:00","twitter_card":"summary_large_image","twitter_misc":{"Ber\u00e4knad l\u00e4stid":"1 minut"},"schema":{"@context":"https:\/\/schema.org","@graph":[{"@type":"WebPage","@id":"https:\/\/theovakoway.com\/sv\/a-word-from-marcus\/","url":"https:\/\/theovakoway.com\/sv\/a-word-from-marcus\/","name":"N\u00e5gra ord fr\u00e5n v\u00e5r vd, Marcus - The Ovako Way","isPartOf":{"@id":"https:\/\/theovakoway.com\/#website"},"datePublished":"2024-08-19T06:17:31+00:00","dateModified":"2025-05-30T07:55:28+00:00","breadcrumb":{"@id":"https:\/\/theovakoway.com\/sv\/a-word-from-marcus\/#breadcrumb"},"inLanguage":"sv-SE","potentialAction":[{"@type":"ReadAction","target":["https:\/\/theovakoway.com\/sv\/a-word-from-marcus\/"]}]},{"@type":"BreadcrumbList","@id":"https:\/\/theovakoway.com\/sv\/a-word-from-marcus\/#breadcrumb","itemListElement":[{"@type":"ListItem","position":1,"name":"Home","item":"https:\/\/theovakoway.com\/"},{"@type":"ListItem","position":2,"name":"N\u00e5gra ord fr\u00e5n v\u00e5r vd, Marcus"}]},{"@type":"WebSite","@id":"https:\/\/theovakoway.com\/#website","url":"https:\/\/theovakoway.com\/","name":"The Ovako Way","description":"","publisher":{"@id":"https:\/\/theovakoway.com\/#organization"},"potentialAction":[{"@type":"SearchAction","target":{"@type":"EntryPoint","urlTemplate":"https:\/\/theovakoway.com\/?s={search_term_string}"},"query-input":{"@type":"PropertyValueSpecification","valueRequired":true,"valueName":"search_term_string"}}],"inLanguage":"sv-SE"},{"@type":"Organization","@id":"https:\/\/theovakoway.com\/#organization","name":"The Ovako Way","url":"https:\/\/theovakoway.com\/","logo":{"@type":"ImageObject","inLanguage":"sv-SE","@id":"https:\/\/theovakoway.com\/#\/schema\/logo\/image\/","url":"https:\/\/theovakoway.com\/wp-content\/uploads\/2024\/05\/TOW-logo-black.png","contentUrl":"https:\/\/theovakoway.com\/wp-content\/uploads\/2024\/05\/TOW-logo-black.png","width":500,"height":500,"caption":"The Ovako Way"},"image":{"@id":"https:\/\/theovakoway.com\/#\/schema\/logo\/image\/"}}]}},"_links":{"self":[{"href":"https:\/\/theovakoway.com\/sv\/wp-json\/wp\/v2\/pages\/1564","targetHints":{"allow":["GET"]}}],"collection":[{"href":"https:\/\/theovakoway.com\/sv\/wp-json\/wp\/v2\/pages"}],"about":[{"href":"https:\/\/theovakoway.com\/sv\/wp-json\/wp\/v2\/types\/page"}],"author":[{"embeddable":true,"href":"https:\/\/theovakoway.com\/sv\/wp-json\/wp\/v2\/users\/3"}],"replies":[{"embeddable":true,"href":"https:\/\/theovakoway.com\/sv\/wp-json\/wp\/v2\/comments?post=1564"}],"version-history":[{"count":32,"href":"https:\/\/theovakoway.com\/sv\/wp-json\/wp\/v2\/pages\/1564\/revisions"}],"predecessor-version":[{"id":2978,"href":"https:\/\/theovakoway.com\/sv\/wp-json\/wp\/v2\/pages\/1564\/revisions\/2978"}],"wp:attachment":[{"href":"https:\/\/theovakoway.com\/sv\/wp-json\/wp\/v2\/media?parent=1564"}],"curies":[{"name":"wp","href":"https:\/\/api.w.org\/{rel}","templated":true}]}}