{"id":1828,"date":"2024-05-14T11:51:00","date_gmt":"2024-05-14T11:51:00","guid":{"rendered":"https:\/\/theovakoway.com\/yogesh-patils-berattelse\/"},"modified":"2024-08-20T11:34:33","modified_gmt":"2024-08-20T11:34:33","slug":"yogesh-patils-berattelse","status":"publish","type":"page","link":"https:\/\/theovakoway.com\/sv\/yogesh-patils-berattelse\/","title":{"rendered":"Yogesh Patils ber\u00e4ttelse"},"content":{"rendered":"\t\t<div data-elementor-type=\"wp-page\" data-elementor-id=\"1828\" class=\"elementor elementor-1828 elementor-185\" data-elementor-post-type=\"page\">\n\t\t\t\t<div class=\"elementor-element elementor-element-d1a855e e-con-full e-flex e-con e-parent\" data-id=\"d1a855e\" data-element_type=\"container\" data-settings=\"{&quot;background_background&quot;:&quot;classic&quot;}\">\n\t\t\t\t<div class=\"elementor-element elementor-element-d19a8db elementor-widget elementor-widget-heading\" data-id=\"d19a8db\" data-element_type=\"widget\" data-widget_type=\"heading.default\">\n\t\t\t\t<div class=\"elementor-widget-container\">\n\t\t\t\t\t<h1 class=\"elementor-heading-title elementor-size-default\">Yogesh Patil<\/h1>\t\t\t\t<\/div>\n\t\t\t\t<\/div>\n\t\t\t\t<div class=\"elementor-element elementor-element-da36124 elementor-widget elementor-widget-text-editor\" data-id=\"da36124\" data-element_type=\"widget\" data-widget_type=\"text-editor.default\">\n\t\t\t\t<div class=\"elementor-widget-container\">\n\t\t\t\t\t\t\t\t\t<div><span lang=\"EN-US\">Decarbonization Ambassador, Sales Unit Asia Pacific<\/span><\/div>\n<p><span style=\"text-align: var(--text-align);\">General Manager, Indien<\/span><\/p>\n\t\t\t\t\t\t\t\t<\/div>\n\t\t\t\t<\/div>\n\t\t\t\t<\/div>\n\t\t<div class=\"elementor-element elementor-element-9a04dc6 e-flex e-con-boxed e-con e-parent\" data-id=\"9a04dc6\" data-element_type=\"container\">\n\t\t\t\t\t<div class=\"e-con-inner\">\n\t\t<div class=\"elementor-element elementor-element-b549f00 e-flex e-con-boxed e-con e-child\" data-id=\"b549f00\" data-element_type=\"container\">\n\t\t\t\t\t<div class=\"e-con-inner\">\n\t\t\t\t<div class=\"elementor-element elementor-element-9cea0d1 elementor-widget elementor-widget-text-editor\" data-id=\"9cea0d1\" data-element_type=\"widget\" data-widget_type=\"text-editor.default\">\n\t\t\t\t<div class=\"elementor-widget-container\">\n\t\t\t\t\t\t\t\t\t<p>&#8221;Det \u00e4r mitt ansvar ocks\u00e5!&#8221;<\/p>\n\t\t\t\t\t\t\t\t<\/div>\n\t\t\t\t<\/div>\n\t\t\t\t<div class=\"elementor-element elementor-element-f7a72df elementor-widget elementor-widget-text-editor\" data-id=\"f7a72df\" data-element_type=\"widget\" data-widget_type=\"text-editor.default\">\n\t\t\t\t<div class=\"elementor-widget-container\">\n\t\t\t\t\t\t\t\t\t<p style=\"font-weight: 400;\">N\u00e4r jag var ung f\u00f6rmedlade min far en djup k\u00e4nsla och uppskattning av naturresurser, s\u00e4rskilt vatten. Eftersom vatten var rikligt och l\u00e4ttillg\u00e4ngligt f\u00f6rr i tiden, ifr\u00e5gasatte jag ofta hans betoning p\u00e5 ansvarsfull vattenanv\u00e4ndning. Det var inte f\u00f6rr\u00e4n vattenniv\u00e5erna b\u00f6rjade sjunka och bristen under somrarna blev verklighet som jag f\u00f6rstod och respekterade hans framsynthet. Detta \u00f6ppnade mina \u00f6gon f\u00f6r den h\u00e5rda verkligheten av global uppv\u00e4rmning.    <\/p>\n<p style=\"font-weight: 400;\">Ovakos v\u00e4rldsledande position i sitt engagemang f\u00f6r milj\u00f6omsorg inom st\u00e5lindustrin ger mig samma k\u00e4nsla av faderlig framsynthet. V\u00e5r anv\u00e4ndning av ljusb\u00e5gsugnar, \u00e5tervunnet st\u00e5lskrot, fossilfri energi och egen produktion av gr\u00f6n v\u00e4tgas bidrar till en betydande minskning av koldioxidutsl\u00e4pp i st\u00e5lproduktionen. Faktum \u00e4r att Ovako ocks\u00e5 anv\u00e4nder sig av koldioxidkrediter av h\u00f6gsta standard f\u00f6r att kompensera f\u00f6r de minimala koldioxidutsl\u00e4pp utsl\u00e4pp som uppst\u00e5r trots omfattande insatser, det sedan 2022.   <\/p>\n<p style=\"font-weight: 400;\">Ovakos egna m\u00e5l \u00e4r n\u00e4ra anpassade till alla 17 av FNs globala h\u00e5llbarhetsm\u00e5l (SDG). Oavsett om det handlar om att fr\u00e4mja j\u00e4mst\u00e4lldhet, s\u00e4kerst\u00e4lla s\u00e4kerhet, tillhandah\u00e5lla kvalitativ utbildning eller inspirera till nyt\u00e4nkande, har Ovako en omfattande handlingsplan och str\u00e4var efter st\u00e4ndig f\u00f6rb\u00e4ttring, \u00e5r efter \u00e5r. <\/p>\n<p style=\"font-weight: 400;\">St\u00e5lindustrin genomg\u00e5r en omvandling mot en koldioxidfri framtid och Ovako har konsekvent visat och exemplifierat det mest effektiva s\u00e4ttet att uppn\u00e5 detta. <span style=\"font-family: var( --e-global-typography-text-font-family ), Sans-serif; text-align: var(--text-align); font-size: 1rem;\">Jag \u00e4r stolt \u00f6ver att vara en del av Ovakos engagemang f\u00f6r en fossilfri utveckling. Att vara involverad i denna h\u00e5llbara resa \u00e4r verkligen inspirerande.<\/span><\/p>\n<p style=\"caret-color: #000000; color: #000000;\"><strong>\/Yogesh Patil<br \/><\/strong>Decarbonization Ambassador, Sales Unit Asia Pacific<br \/>General Manager, India<\/p>\n<p style=\"font-weight: 400;\">\n\t\t\t\t\t\t\t\t<\/div>\n\t\t\t\t<\/div>\n\t\t\t\t\t<\/div>\n\t\t\t\t<\/div>\n\t\t\t\t\t<\/div>\n\t\t\t\t<\/div>\n\t\t<div class=\"elementor-element elementor-element-272d6df e-flex e-con-boxed e-con e-parent\" data-id=\"272d6df\" data-element_type=\"container\">\n\t\t\t\t\t<div class=\"e-con-inner\">\n\t\t\t\t<div class=\"elementor-element elementor-element-d5757fc elementor-align-center elementor-widget elementor-widget-button\" data-id=\"d5757fc\" data-element_type=\"widget\" data-widget_type=\"button.default\">\n\t\t\t\t<div class=\"elementor-widget-container\">\n\t\t\t\t\t\t\t\t\t<div class=\"elementor-button-wrapper\">\n\t\t\t\t\t<a class=\"elementor-button elementor-button-link elementor-size-sm elementor-animation-grow\" href=\"https:\/\/theovakoway.com\/sv\/berattelser\/\">\n\t\t\t\t\t\t<span class=\"elementor-button-content-wrapper\">\n\t\t\t\t\t\t\t\t\t<span class=\"elementor-button-text\">Tr\u00e4ffa de andra<\/span>\n\t\t\t\t\t<\/span>\n\t\t\t\t\t<\/a>\n\t\t\t\t<\/div>\n\t\t\t\t\t\t\t\t<\/div>\n\t\t\t\t<\/div>\n\t\t\t\t\t<\/div>\n\t\t\t\t<\/div>\n\t\t\t\t<\/div>\n\t\t","protected":false},"excerpt":{"rendered":"<p>Yogesh Patil Decarbonization Ambassador, Sales Unit Asia Pacific General Manager, Indien &#8221;Det \u00e4r mitt ansvar ocks\u00e5!&#8221; N\u00e4r jag var ung f\u00f6rmedlade min far en djup k\u00e4nsla och uppskattning av naturresurser, s\u00e4rskilt vatten. Eftersom vatten var rikligt och l\u00e4ttillg\u00e4ngligt f\u00f6rr i tiden, ifr\u00e5gasatte jag ofta hans betoning p\u00e5 ansvarsfull vattenanv\u00e4ndning. Det var inte f\u00f6rr\u00e4n vattenniv\u00e5erna b\u00f6rjade [&hellip;]<\/p>\n","protected":false},"author":1,"featured_media":0,"parent":0,"menu_order":0,"comment_status":"closed","ping_status":"closed","template":"","meta":{"footnotes":""},"class_list":["post-1828","page","type-page","status-publish","hentry"],"yoast_head":"<!-- This site is optimized with the Yoast SEO plugin v25.5 - https:\/\/yoast.com\/wordpress\/plugins\/seo\/ -->\n<title>Yogesh Patils ber\u00e4ttelse - The Ovako Way<\/title>\n<meta name=\"robots\" content=\"index, follow, max-snippet:-1, max-image-preview:large, max-video-preview:-1\" \/>\n<link rel=\"canonical\" href=\"https:\/\/theovakoway.com\/yogesh-patils-story\/\" \/>\n<meta property=\"og:locale\" content=\"sv_SE\" \/>\n<meta property=\"og:type\" content=\"article\" \/>\n<meta property=\"og:title\" content=\"Yogesh Patils ber\u00e4ttelse - The Ovako Way\" \/>\n<meta property=\"og:description\" content=\"Yogesh Patil Decarbonization Ambassador, Sales Unit Asia Pacific General Manager, Indien &#8221;Det \u00e4r mitt ansvar ocks\u00e5!&#8221; N\u00e4r jag var ung f\u00f6rmedlade min far en djup k\u00e4nsla och uppskattning av naturresurser, s\u00e4rskilt vatten. Eftersom vatten var rikligt och l\u00e4ttillg\u00e4ngligt f\u00f6rr i tiden, ifr\u00e5gasatte jag ofta hans betoning p\u00e5 ansvarsfull vattenanv\u00e4ndning. Det var inte f\u00f6rr\u00e4n vattenniv\u00e5erna b\u00f6rjade [&hellip;]\" \/>\n<meta property=\"og:url\" content=\"https:\/\/theovakoway.com\/yogesh-patils-story\/\" \/>\n<meta property=\"og:site_name\" content=\"The Ovako Way\" \/>\n<meta property=\"article:modified_time\" content=\"2024-08-20T11:34:33+00:00\" \/>\n<meta name=\"twitter:card\" content=\"summary_large_image\" \/>\n<meta name=\"twitter:label1\" content=\"Ber\u00e4knad l\u00e4stid\" \/>\n\t<meta name=\"twitter:data1\" content=\"2 minuter\" \/>\n<script type=\"application\/ld+json\" class=\"yoast-schema-graph\">{\"@context\":\"https:\/\/schema.org\",\"@graph\":[{\"@type\":\"WebPage\",\"@id\":\"https:\/\/theovakoway.com\/yogesh-patils-story\/\",\"url\":\"https:\/\/theovakoway.com\/yogesh-patils-story\/\",\"name\":\"Yogesh Patils ber\u00e4ttelse - The Ovako Way\",\"isPartOf\":{\"@id\":\"https:\/\/theovakoway.com\/#website\"},\"datePublished\":\"2024-05-14T11:51:00+00:00\",\"dateModified\":\"2024-08-20T11:34:33+00:00\",\"breadcrumb\":{\"@id\":\"https:\/\/theovakoway.com\/yogesh-patils-story\/#breadcrumb\"},\"inLanguage\":\"sv-SE\",\"potentialAction\":[{\"@type\":\"ReadAction\",\"target\":[\"https:\/\/theovakoway.com\/yogesh-patils-story\/\"]}]},{\"@type\":\"BreadcrumbList\",\"@id\":\"https:\/\/theovakoway.com\/yogesh-patils-story\/#breadcrumb\",\"itemListElement\":[{\"@type\":\"ListItem\",\"position\":1,\"name\":\"Home\",\"item\":\"https:\/\/theovakoway.com\/\"},{\"@type\":\"ListItem\",\"position\":2,\"name\":\"Yogesh Patils ber\u00e4ttelse\"}]},{\"@type\":\"WebSite\",\"@id\":\"https:\/\/theovakoway.com\/#website\",\"url\":\"https:\/\/theovakoway.com\/\",\"name\":\"The Ovako Way\",\"description\":\"\",\"publisher\":{\"@id\":\"https:\/\/theovakoway.com\/#organization\"},\"potentialAction\":[{\"@type\":\"SearchAction\",\"target\":{\"@type\":\"EntryPoint\",\"urlTemplate\":\"https:\/\/theovakoway.com\/?s={search_term_string}\"},\"query-input\":{\"@type\":\"PropertyValueSpecification\",\"valueRequired\":true,\"valueName\":\"search_term_string\"}}],\"inLanguage\":\"sv-SE\"},{\"@type\":\"Organization\",\"@id\":\"https:\/\/theovakoway.com\/#organization\",\"name\":\"The Ovako Way\",\"url\":\"https:\/\/theovakoway.com\/\",\"logo\":{\"@type\":\"ImageObject\",\"inLanguage\":\"sv-SE\",\"@id\":\"https:\/\/theovakoway.com\/#\/schema\/logo\/image\/\",\"url\":\"https:\/\/theovakoway.com\/wp-content\/uploads\/2024\/05\/TOW-logo-black.png\",\"contentUrl\":\"https:\/\/theovakoway.com\/wp-content\/uploads\/2024\/05\/TOW-logo-black.png\",\"width\":500,\"height\":500,\"caption\":\"The Ovako Way\"},\"image\":{\"@id\":\"https:\/\/theovakoway.com\/#\/schema\/logo\/image\/\"}}]}<\/script>\n<!-- \/ Yoast SEO plugin. -->","yoast_head_json":{"title":"Yogesh Patils ber\u00e4ttelse - The Ovako Way","robots":{"index":"index","follow":"follow","max-snippet":"max-snippet:-1","max-image-preview":"max-image-preview:large","max-video-preview":"max-video-preview:-1"},"canonical":"https:\/\/theovakoway.com\/yogesh-patils-story\/","og_locale":"sv_SE","og_type":"article","og_title":"Yogesh Patils ber\u00e4ttelse - The Ovako Way","og_description":"Yogesh Patil Decarbonization Ambassador, Sales Unit Asia Pacific General Manager, Indien &#8221;Det \u00e4r mitt ansvar ocks\u00e5!&#8221; N\u00e4r jag var ung f\u00f6rmedlade min far en djup k\u00e4nsla och uppskattning av naturresurser, s\u00e4rskilt vatten. Eftersom vatten var rikligt och l\u00e4ttillg\u00e4ngligt f\u00f6rr i tiden, ifr\u00e5gasatte jag ofta hans betoning p\u00e5 ansvarsfull vattenanv\u00e4ndning. Det var inte f\u00f6rr\u00e4n vattenniv\u00e5erna b\u00f6rjade [&hellip;]","og_url":"https:\/\/theovakoway.com\/yogesh-patils-story\/","og_site_name":"The Ovako Way","article_modified_time":"2024-08-20T11:34:33+00:00","twitter_card":"summary_large_image","twitter_misc":{"Ber\u00e4knad l\u00e4stid":"2 minuter"},"schema":{"@context":"https:\/\/schema.org","@graph":[{"@type":"WebPage","@id":"https:\/\/theovakoway.com\/yogesh-patils-story\/","url":"https:\/\/theovakoway.com\/yogesh-patils-story\/","name":"Yogesh Patils ber\u00e4ttelse - The Ovako Way","isPartOf":{"@id":"https:\/\/theovakoway.com\/#website"},"datePublished":"2024-05-14T11:51:00+00:00","dateModified":"2024-08-20T11:34:33+00:00","breadcrumb":{"@id":"https:\/\/theovakoway.com\/yogesh-patils-story\/#breadcrumb"},"inLanguage":"sv-SE","potentialAction":[{"@type":"ReadAction","target":["https:\/\/theovakoway.com\/yogesh-patils-story\/"]}]},{"@type":"BreadcrumbList","@id":"https:\/\/theovakoway.com\/yogesh-patils-story\/#breadcrumb","itemListElement":[{"@type":"ListItem","position":1,"name":"Home","item":"https:\/\/theovakoway.com\/"},{"@type":"ListItem","position":2,"name":"Yogesh Patils ber\u00e4ttelse"}]},{"@type":"WebSite","@id":"https:\/\/theovakoway.com\/#website","url":"https:\/\/theovakoway.com\/","name":"The Ovako Way","description":"","publisher":{"@id":"https:\/\/theovakoway.com\/#organization"},"potentialAction":[{"@type":"SearchAction","target":{"@type":"EntryPoint","urlTemplate":"https:\/\/theovakoway.com\/?s={search_term_string}"},"query-input":{"@type":"PropertyValueSpecification","valueRequired":true,"valueName":"search_term_string"}}],"inLanguage":"sv-SE"},{"@type":"Organization","@id":"https:\/\/theovakoway.com\/#organization","name":"The Ovako Way","url":"https:\/\/theovakoway.com\/","logo":{"@type":"ImageObject","inLanguage":"sv-SE","@id":"https:\/\/theovakoway.com\/#\/schema\/logo\/image\/","url":"https:\/\/theovakoway.com\/wp-content\/uploads\/2024\/05\/TOW-logo-black.png","contentUrl":"https:\/\/theovakoway.com\/wp-content\/uploads\/2024\/05\/TOW-logo-black.png","width":500,"height":500,"caption":"The Ovako Way"},"image":{"@id":"https:\/\/theovakoway.com\/#\/schema\/logo\/image\/"}}]}},"_links":{"self":[{"href":"https:\/\/theovakoway.com\/sv\/wp-json\/wp\/v2\/pages\/1828","targetHints":{"allow":["GET"]}}],"collection":[{"href":"https:\/\/theovakoway.com\/sv\/wp-json\/wp\/v2\/pages"}],"about":[{"href":"https:\/\/theovakoway.com\/sv\/wp-json\/wp\/v2\/types\/page"}],"author":[{"embeddable":true,"href":"https:\/\/theovakoway.com\/sv\/wp-json\/wp\/v2\/users\/1"}],"replies":[{"embeddable":true,"href":"https:\/\/theovakoway.com\/sv\/wp-json\/wp\/v2\/comments?post=1828"}],"version-history":[{"count":21,"href":"https:\/\/theovakoway.com\/sv\/wp-json\/wp\/v2\/pages\/1828\/revisions"}],"predecessor-version":[{"id":1944,"href":"https:\/\/theovakoway.com\/sv\/wp-json\/wp\/v2\/pages\/1828\/revisions\/1944"}],"wp:attachment":[{"href":"https:\/\/theovakoway.com\/sv\/wp-json\/wp\/v2\/media?parent=1828"}],"curies":[{"name":"wp","href":"https:\/\/api.w.org\/{rel}","templated":true}]}}