{"id":351,"date":"2024-05-13T14:17:28","date_gmt":"2024-05-13T14:17:28","guid":{"rendered":"https:\/\/theovakoway.com\/the-ovako-way\/"},"modified":"2025-09-05T07:58:00","modified_gmt":"2025-09-05T07:58:00","slug":"the-ovako-way","status":"publish","type":"page","link":"https:\/\/theovakoway.com\/sv\/","title":{"rendered":"The Ovako Way"},"content":{"rendered":"\t\t<div data-elementor-type=\"wp-page\" data-elementor-id=\"351\" class=\"elementor elementor-351 elementor-73\" data-elementor-post-type=\"page\">\n\t\t\t\t<div class=\"elementor-element elementor-element-6b844ba e-con-full animated-fast e-flex elementor-invisible e-con e-parent\" data-id=\"6b844ba\" data-element_type=\"container\" data-settings=\"{&quot;background_background&quot;:&quot;classic&quot;,&quot;animation&quot;:&quot;fadeInDown&quot;}\">\n\t\t\t\t<div class=\"elementor-element elementor-element-a62cd63 elementor-widget elementor-widget-heading\" data-id=\"a62cd63\" data-element_type=\"widget\" data-widget_type=\"heading.default\">\n\t\t\t\t<div class=\"elementor-widget-container\">\n\t\t\t\t\t<h1 class=\"elementor-heading-title elementor-size-default\">TILLSAMMANS SKAPAR VI ST\u00c5L F\u00d6R ETT H\u00c5LLBART SAMH\u00c4LLE<\/h1>\t\t\t\t<\/div>\n\t\t\t\t<\/div>\n\t\t\t\t<\/div>\n\t\t<div class=\"elementor-element elementor-element-b9bfeaa e-con-full e-flex e-con e-parent\" data-id=\"b9bfeaa\" data-element_type=\"container\">\n\t\t<div class=\"elementor-element elementor-element-97bc1d7 e-con-full e-flex e-con e-child\" data-id=\"97bc1d7\" data-element_type=\"container\" data-settings=\"{&quot;background_background&quot;:&quot;classic&quot;}\">\n\t\t\t\t<\/div>\n\t\t<div class=\"elementor-element elementor-element-8f8efb4 e-con-full e-flex e-con e-child\" data-id=\"8f8efb4\" data-element_type=\"container\" data-settings=\"{&quot;background_background&quot;:&quot;classic&quot;}\">\n\t\t\t\t<div class=\"elementor-element elementor-element-8743ef3 elementor-widget elementor-widget-heading\" data-id=\"8743ef3\" data-element_type=\"widget\" data-widget_type=\"heading.default\">\n\t\t\t\t<div class=\"elementor-widget-container\">\n\t\t\t\t\t<h2 class=\"elementor-heading-title elementor-size-default\">Sommaren stora fotot\u00e4vling \u00e4r avgjord! <\/h2>\t\t\t\t<\/div>\n\t\t\t\t<\/div>\n\t\t\t\t<div class=\"elementor-element elementor-element-f12b3df elementor-widget elementor-widget-text-editor\" data-id=\"f12b3df\" data-element_type=\"widget\" data-widget_type=\"text-editor.default\">\n\t\t\t\t<div class=\"elementor-widget-container\">\n\t\t\t\t\t\t\t\t\t<p>Se vinnarna och alla bidragen i The Ovako Summer Challenge.<\/p>\t\t\t\t\t\t\t\t<\/div>\n\t\t\t\t<\/div>\n\t\t\t\t<div class=\"elementor-element elementor-element-90ee97c elementor-align-center elementor-widget elementor-widget-button\" data-id=\"90ee97c\" data-element_type=\"widget\" data-widget_type=\"button.default\">\n\t\t\t\t<div class=\"elementor-widget-container\">\n\t\t\t\t\t\t\t\t\t<div class=\"elementor-button-wrapper\">\n\t\t\t\t\t<a class=\"elementor-button elementor-button-link elementor-size-sm elementor-animation-grow\" href=\"https:\/\/theovakoway.com\/sv\/summer-challenge-winner\/\">\n\t\t\t\t\t\t<span class=\"elementor-button-content-wrapper\">\n\t\t\t\t\t\t\t\t\t<span class=\"elementor-button-text\">SE VINNARBIDRAGEN!<\/span>\n\t\t\t\t\t<\/span>\n\t\t\t\t\t<\/a>\n\t\t\t\t<\/div>\n\t\t\t\t\t\t\t\t<\/div>\n\t\t\t\t<\/div>\n\t\t\t\t<\/div>\n\t\t\t\t<\/div>\n\t\t<div class=\"elementor-element elementor-element-ebac4f2 e-con-full e-flex e-con e-parent\" data-id=\"ebac4f2\" data-element_type=\"container\">\n\t\t<div class=\"elementor-element elementor-element-6b30330 e-con-full e-flex e-con e-child\" data-id=\"6b30330\" data-element_type=\"container\" data-settings=\"{&quot;background_background&quot;:&quot;classic&quot;}\">\n\t\t\t\t<div class=\"elementor-element elementor-element-f191896 elementor-widget elementor-widget-heading\" data-id=\"f191896\" data-element_type=\"widget\" data-widget_type=\"heading.default\">\n\t\t\t\t<div class=\"elementor-widget-container\">\n\t\t\t\t\t<h1 class=\"elementor-heading-title elementor-size-default\">THE OVAKO STATEMENT<\/h1>\t\t\t\t<\/div>\n\t\t\t\t<\/div>\n\t\t\t\t<div class=\"elementor-element elementor-element-8adde03 elementor-widget elementor-widget-text-editor\" data-id=\"8adde03\" data-element_type=\"widget\" data-widget_type=\"text-editor.default\">\n\t\t\t\t<div class=\"elementor-widget-container\">\n\t\t\t\t\t\t\t\t\t<div>\n<p style=\"text-align: center;\"><span lang=\"EN-US\">V\u00e4rlden f\u00f6r\u00e4ndras, vi beh\u00f6ver anpassa oss men driva p\u00e5 f\u00f6r att skapa en positiv utveckling. Vi har beslutat oss f\u00f6r att utmana oss sj\u00e4lva, v\u00e5ra kunder och konkurrenter f\u00f6r att p\u00e5skynda \u00f6verg\u00e5ngen till ett fossilfritt, h\u00e5llbart samh\u00e4lle. Tillsammans kan vi g\u00f6ra skillnad, inte bara f\u00f6r Ovako men ocks\u00e5 f\u00f6r kommande generationer.<\/span><\/p>\n<\/div>\n<div>\n<p style=\"text-align: center;\">\n<\/div>\n\t\t\t\t\t\t\t\t<\/div>\n\t\t\t\t<\/div>\n\t\t\t\t<div class=\"elementor-element elementor-element-deb9e29 elementor-align-center elementor-widget elementor-widget-button\" data-id=\"deb9e29\" data-element_type=\"widget\" data-widget_type=\"button.default\">\n\t\t\t\t<div class=\"elementor-widget-container\">\n\t\t\t\t\t\t\t\t\t<div class=\"elementor-button-wrapper\">\n\t\t\t\t\t<a class=\"elementor-button elementor-button-link elementor-size-sm elementor-animation-grow\" href=\"https:\/\/theovakoway.com\/sv\/the-statement\/\">\n\t\t\t\t\t\t<span class=\"elementor-button-content-wrapper\">\n\t\t\t\t\t\t\t\t\t<span class=\"elementor-button-text\">Till the Ovako Way Statement!<\/span>\n\t\t\t\t\t<\/span>\n\t\t\t\t\t<\/a>\n\t\t\t\t<\/div>\n\t\t\t\t\t\t\t\t<\/div>\n\t\t\t\t<\/div>\n\t\t\t\t<\/div>\n\t\t<div class=\"elementor-element elementor-element-f86832f e-con-full e-flex e-con e-child\" data-id=\"f86832f\" data-element_type=\"container\" data-settings=\"{&quot;background_background&quot;:&quot;classic&quot;}\">\n\t\t\t\t<div class=\"elementor-element elementor-element-802af52 elementor-widget elementor-widget-counter\" data-id=\"802af52\" data-element_type=\"widget\" data-widget_type=\"counter.default\">\n\t\t\t\t<div class=\"elementor-widget-container\">\n\t\t\t\t\t\t\t<div class=\"elementor-counter\">\n\t\t\t\t\t\t<div class=\"elementor-counter-number-wrapper\">\n\t\t\t\t<span class=\"elementor-counter-number-prefix\"><\/span>\n\t\t\t\t<span class=\"elementor-counter-number\" data-duration=\"2000\" data-to-value=\"2065\" data-from-value=\"0\" data-delimiter=\".\">0<\/span>\n\t\t\t\t<span class=\"elementor-counter-number-suffix\"><\/span>\n\t\t\t<\/div>\n\t\t<\/div>\n\t\t\t\t\t\t<\/div>\n\t\t\t\t<\/div>\n\t\t\t\t<div class=\"elementor-element elementor-element-8516bbf elementor-widget elementor-widget-heading\" data-id=\"8516bbf\" data-element_type=\"widget\" data-widget_type=\"heading.default\">\n\t\t\t\t<div class=\"elementor-widget-container\">\n\t\t\t\t\t<h2 class=\"elementor-heading-title elementor-size-default\">MEDARBETARE HAR SKRIVIT P\u00c5!<\/h2>\t\t\t\t<\/div>\n\t\t\t\t<\/div>\n\t\t\t\t<div class=\"elementor-element elementor-element-56655aa elementor-widget elementor-widget-text-editor\" data-id=\"56655aa\" data-element_type=\"widget\" data-widget_type=\"text-editor.default\">\n\t\t\t\t<div class=\"elementor-widget-container\">\n\t\t\t\t\t\t\t\t\t<div style=\"text-align: center;\"><span lang=\"EN-US\">Ovakos medarbetare v\u00e4rlden \u00f6ver st\u00e5r bakom the Ovako Way statement \u2013 m\u00f6t dem h\u00e4r.<\/span><\/div>\n\t\t\t\t\t\t\t\t<\/div>\n\t\t\t\t<\/div>\n\t\t\t\t<div class=\"elementor-element elementor-element-7241659 elementor-align-center elementor-widget elementor-widget-button\" data-id=\"7241659\" data-element_type=\"widget\" data-widget_type=\"button.default\">\n\t\t\t\t<div class=\"elementor-widget-container\">\n\t\t\t\t\t\t\t\t\t<div class=\"elementor-button-wrapper\">\n\t\t\t\t\t<a class=\"elementor-button elementor-button-link elementor-size-sm elementor-animation-grow\" href=\"https:\/\/theovakoway.com\/sv\/bildgalleri\/\">\n\t\t\t\t\t\t<span class=\"elementor-button-content-wrapper\">\n\t\t\t\t\t\t\t\t\t<span class=\"elementor-button-text\">SE BILDERNA<\/span>\n\t\t\t\t\t<\/span>\n\t\t\t\t\t<\/a>\n\t\t\t\t<\/div>\n\t\t\t\t\t\t\t\t<\/div>\n\t\t\t\t<\/div>\n\t\t\t\t<\/div>\n\t\t\t\t<\/div>\n\t\t<div class=\"elementor-element elementor-element-2d10c00 e-con-full e-flex e-con e-parent\" data-id=\"2d10c00\" data-element_type=\"container\">\n\t\t<div class=\"elementor-element elementor-element-4f60f6e e-con-full e-flex e-con e-child\" data-id=\"4f60f6e\" data-element_type=\"container\" data-settings=\"{&quot;background_background&quot;:&quot;classic&quot;}\">\n\t\t\t\t<div class=\"elementor-element elementor-element-acd8777 elementor-widget elementor-widget-heading\" data-id=\"acd8777\" data-element_type=\"widget\" data-widget_type=\"heading.default\">\n\t\t\t\t<div class=\"elementor-widget-container\">\n\t\t\t\t\t<h1 class=\"elementor-heading-title elementor-size-default\">BER\u00c4TTELSER FR\u00c5N OVAKO<\/h1>\t\t\t\t<\/div>\n\t\t\t\t<\/div>\n\t\t\t\t<div class=\"elementor-element elementor-element-25a2c8a elementor-widget elementor-widget-text-editor\" data-id=\"25a2c8a\" data-element_type=\"widget\" data-widget_type=\"text-editor.default\">\n\t\t\t\t<div class=\"elementor-widget-container\">\n\t\t\t\t\t\t\t\t\t<p style=\"font-weight: 400; text-align: center;\">Vi fr\u00e5gade n\u00e5gra Ovakianer v\u00e4rlden \u00f6ver om hur orden nyt\u00e4nkade, kunniga and ansvarsfulla \u00e4r en del av deras dagliga arbete. Det h\u00e4r \u00e4r vad de har att s\u00e4ga.<\/p>\n\t\t\t\t\t\t\t\t<\/div>\n\t\t\t\t<\/div>\n\t\t\t\t<div class=\"elementor-element elementor-element-abfcec4 elementor-align-center elementor-widget elementor-widget-button\" data-id=\"abfcec4\" data-element_type=\"widget\" data-widget_type=\"button.default\">\n\t\t\t\t<div class=\"elementor-widget-container\">\n\t\t\t\t\t\t\t\t\t<div class=\"elementor-button-wrapper\">\n\t\t\t\t\t<a class=\"elementor-button elementor-button-link elementor-size-sm elementor-animation-grow\" href=\"https:\/\/theovakoway.com\/sv\/berattelser\/\">\n\t\t\t\t\t\t<span class=\"elementor-button-content-wrapper\">\n\t\t\t\t\t\t\t\t\t<span class=\"elementor-button-text\">Se filmerna och l\u00e4s historierna!<\/span>\n\t\t\t\t\t<\/span>\n\t\t\t\t\t<\/a>\n\t\t\t\t<\/div>\n\t\t\t\t\t\t\t\t<\/div>\n\t\t\t\t<\/div>\n\t\t\t\t<\/div>\n\t\t<div class=\"elementor-element elementor-element-33f8e0a e-con-full e-flex e-con e-child\" data-id=\"33f8e0a\" data-element_type=\"container\" data-settings=\"{&quot;background_background&quot;:&quot;classic&quot;}\">\n\t\t\t\t<div class=\"elementor-element elementor-element-f991197 elementor-widget elementor-widget-heading\" data-id=\"f991197\" data-element_type=\"widget\" data-widget_type=\"heading.default\">\n\t\t\t\t<div class=\"elementor-widget-container\">\n\t\t\t\t\t<h1 class=\"elementor-heading-title elementor-size-default\">TR\u00c4FFA V\u00c5R VD, MARCUS<\/h1>\t\t\t\t<\/div>\n\t\t\t\t<\/div>\n\t\t\t\t<div class=\"elementor-element elementor-element-97fead6 elementor-widget elementor-widget-text-editor\" data-id=\"97fead6\" data-element_type=\"widget\" data-widget_type=\"text-editor.default\">\n\t\t\t\t<div class=\"elementor-widget-container\">\n\t\t\t\t\t\t\t\t\t<div style=\"text-align: center;\">\n<p><span lang=\"EN-US\">We are the trusted engineering steel partner for decarbonizing industries. <br \/><\/span>H\u00f6r var v\u00e5r vd, Marcus hedblom har att s\u00e4ga.<\/p>\n<\/div>\n\t\t\t\t\t\t\t\t<\/div>\n\t\t\t\t<\/div>\n\t\t\t\t<div class=\"elementor-element elementor-element-f49c9b7 elementor-align-center elementor-widget elementor-widget-button\" data-id=\"f49c9b7\" data-element_type=\"widget\" data-widget_type=\"button.default\">\n\t\t\t\t<div class=\"elementor-widget-container\">\n\t\t\t\t\t\t\t\t\t<div class=\"elementor-button-wrapper\">\n\t\t\t\t\t<a class=\"elementor-button elementor-button-link elementor-size-sm elementor-animation-grow\" href=\"https:\/\/theovakoway.com\/sv\/a-word-from-marcus\/\">\n\t\t\t\t\t\t<span class=\"elementor-button-content-wrapper\">\n\t\t\t\t\t\t\t\t\t<span class=\"elementor-button-text\">Ta del av vad Marcus har att s\u00e4ga<\/span>\n\t\t\t\t\t<\/span>\n\t\t\t\t\t<\/a>\n\t\t\t\t<\/div>\n\t\t\t\t\t\t\t\t<\/div>\n\t\t\t\t<\/div>\n\t\t\t\t<\/div>\n\t\t\t\t<\/div>\n\t\t<div class=\"elementor-element elementor-element-16f1f0e e-con-full e-flex e-con e-parent\" data-id=\"16f1f0e\" data-element_type=\"container\">\n\t\t<div class=\"elementor-element elementor-element-7a58647 e-con-full e-flex e-con e-child\" data-id=\"7a58647\" data-element_type=\"container\" data-settings=\"{&quot;background_background&quot;:&quot;classic&quot;}\">\n\t\t\t\t<div class=\"elementor-element elementor-element-f726bb0 elementor-widget elementor-widget-heading\" data-id=\"f726bb0\" data-element_type=\"widget\" data-widget_type=\"heading.default\">\n\t\t\t\t<div class=\"elementor-widget-container\">\n\t\t\t\t\t<h1 class=\"elementor-heading-title elementor-size-default\">VI INVESTERAR I FRAMTIDEN<\/h1>\t\t\t\t<\/div>\n\t\t\t\t<\/div>\n\t\t\t\t<div class=\"elementor-element elementor-element-b017e3f elementor-widget elementor-widget-text-editor\" data-id=\"b017e3f\" data-element_type=\"widget\" data-widget_type=\"text-editor.default\">\n\t\t\t\t<div class=\"elementor-widget-container\">\n\t\t\t\t\t\t\t\t\t<p style=\"font-weight: 400; text-align: center;\">Vi investerar kontinuerligt i s\u00e5v\u00e4l m\u00e4nniskor som teknik f\u00f6r att uppfylla v\u00e5rt syfte att skapa st\u00e5l f\u00f6r ett fossilfritt, h\u00e5llbart samh\u00e4lle. Med nyt\u00e4nkande, kunniga och ansvarsfulla medarbetare kan vi g\u00f6ra det m\u00f6jligt.<\/p>\t\t\t\t\t\t\t\t<\/div>\n\t\t\t\t<\/div>\n\t\t\t\t<div class=\"elementor-element elementor-element-3c0b4bc elementor-align-center elementor-widget elementor-widget-button\" data-id=\"3c0b4bc\" data-element_type=\"widget\" data-widget_type=\"button.default\">\n\t\t\t\t<div class=\"elementor-widget-container\">\n\t\t\t\t\t\t\t\t\t<div class=\"elementor-button-wrapper\">\n\t\t\t\t\t<a class=\"elementor-button elementor-button-link elementor-size-sm elementor-animation-grow\" href=\"https:\/\/theovakoway.com\/sv\/investera-i-framtiden\/\">\n\t\t\t\t\t\t<span class=\"elementor-button-content-wrapper\">\n\t\t\t\t\t\t\t\t\t<span class=\"elementor-button-text\">L\u00c4S MER OM V\u00c5RA INVESTERINGAR I FRAMTIDEN<\/span>\n\t\t\t\t\t<\/span>\n\t\t\t\t\t<\/a>\n\t\t\t\t<\/div>\n\t\t\t\t\t\t\t\t<\/div>\n\t\t\t\t<\/div>\n\t\t\t\t<\/div>\n\t\t<div class=\"elementor-element elementor-element-8fc36ba e-con-full e-flex e-con e-child\" data-id=\"8fc36ba\" data-element_type=\"container\" data-settings=\"{&quot;background_background&quot;:&quot;classic&quot;}\">\n\t\t\t\t<div class=\"elementor-element elementor-element-8a1a3b3 elementor-widget elementor-widget-heading\" data-id=\"8a1a3b3\" data-element_type=\"widget\" data-widget_type=\"heading.default\">\n\t\t\t\t<div class=\"elementor-widget-container\">\n\t\t\t\t\t<h1 class=\"elementor-heading-title elementor-size-default\">MER OM OVAKO<\/h1>\t\t\t\t<\/div>\n\t\t\t\t<\/div>\n\t\t\t\t<div class=\"elementor-element elementor-element-eb9a9f9 elementor-widget elementor-widget-text-editor\" data-id=\"eb9a9f9\" data-element_type=\"widget\" data-widget_type=\"text-editor.default\">\n\t\t\t\t<div class=\"elementor-widget-container\">\n\t\t\t\t\t\t\t\t\t<div style=\"text-align: center;\"><span lang=\"EN-US\">Ovako \u00e4r den st\u00e5lproducent som kommit l\u00e4ngst i v\u00e4rlden med arbetet med att skapa h\u00f6gkvalitativ fossilfritt, h\u00e5llbart specialst\u00e5l med \u00e5tervunnet st\u00e5l som r\u00e5vara. <br \/>L\u00e4s mer om Ovako och v\u00e5ra produkter p\u00e5 v\u00e5r huvudsida \u2013 ovako.com<\/span><\/div>\t\t\t\t\t\t\t\t<\/div>\n\t\t\t\t<\/div>\n\t\t\t\t<div class=\"elementor-element elementor-element-c3679b5 elementor-align-center elementor-widget elementor-widget-button\" data-id=\"c3679b5\" data-element_type=\"widget\" data-widget_type=\"button.default\">\n\t\t\t\t<div class=\"elementor-widget-container\">\n\t\t\t\t\t\t\t\t\t<div class=\"elementor-button-wrapper\">\n\t\t\t\t\t<a class=\"elementor-button elementor-button-link elementor-size-sm elementor-animation-grow\" href=\"https:\/\/ovako.com\" target=\"_blank\">\n\t\t\t\t\t\t<span class=\"elementor-button-content-wrapper\">\n\t\t\t\t\t\t\t\t\t<span class=\"elementor-button-text\">TILL OVAKO.COM<\/span>\n\t\t\t\t\t<\/span>\n\t\t\t\t\t<\/a>\n\t\t\t\t<\/div>\n\t\t\t\t\t\t\t\t<\/div>\n\t\t\t\t<\/div>\n\t\t\t\t<\/div>\n\t\t\t\t<\/div>\n\t\t\t\t<\/div>\n\t\t","protected":false},"excerpt":{"rendered":"<p>TILLSAMMANS SKAPAR VI ST\u00c5L F\u00d6R ETT H\u00c5LLBART SAMH\u00c4LLE Sommaren stora fotot\u00e4vling \u00e4r avgjord! Se vinnarna och alla bidragen i The Ovako Summer Challenge. SE VINNARBIDRAGEN! THE OVAKO STATEMENT V\u00e4rlden f\u00f6r\u00e4ndras, vi beh\u00f6ver anpassa oss men driva p\u00e5 f\u00f6r att skapa en positiv utveckling. Vi har beslutat oss f\u00f6r att utmana oss sj\u00e4lva, v\u00e5ra kunder och [&hellip;]<\/p>\n","protected":false},"author":1,"featured_media":0,"parent":0,"menu_order":0,"comment_status":"closed","ping_status":"closed","template":"","meta":{"footnotes":""},"class_list":["post-351","page","type-page","status-publish","hentry"],"yoast_head":"<!-- This site is optimized with the Yoast SEO plugin v25.5 - https:\/\/yoast.com\/wordpress\/plugins\/seo\/ -->\n<title>The Ovako Way - The Ovako Way<\/title>\n<meta name=\"robots\" content=\"index, follow, max-snippet:-1, max-image-preview:large, max-video-preview:-1\" \/>\n<link rel=\"canonical\" href=\"https:\/\/theovakoway.com\/\" \/>\n<meta property=\"og:locale\" content=\"sv_SE\" \/>\n<meta property=\"og:type\" content=\"article\" \/>\n<meta property=\"og:title\" content=\"The Ovako Way - The Ovako Way\" \/>\n<meta property=\"og:description\" content=\"TILLSAMMANS SKAPAR VI ST\u00c5L F\u00d6R ETT H\u00c5LLBART SAMH\u00c4LLE Sommaren stora fotot\u00e4vling \u00e4r avgjord! Se vinnarna och alla bidragen i The Ovako Summer Challenge. SE VINNARBIDRAGEN! THE OVAKO STATEMENT V\u00e4rlden f\u00f6r\u00e4ndras, vi beh\u00f6ver anpassa oss men driva p\u00e5 f\u00f6r att skapa en positiv utveckling. Vi har beslutat oss f\u00f6r att utmana oss sj\u00e4lva, v\u00e5ra kunder och [&hellip;]\" \/>\n<meta property=\"og:url\" content=\"https:\/\/theovakoway.com\/\" \/>\n<meta property=\"og:site_name\" content=\"The Ovako Way\" \/>\n<meta property=\"article:modified_time\" content=\"2025-09-05T07:58:00+00:00\" \/>\n<meta name=\"twitter:card\" content=\"summary_large_image\" \/>\n<meta name=\"twitter:label1\" content=\"Ber\u00e4knad l\u00e4stid\" \/>\n\t<meta name=\"twitter:data1\" content=\"2 minuter\" \/>\n<script type=\"application\/ld+json\" class=\"yoast-schema-graph\">{\"@context\":\"https:\/\/schema.org\",\"@graph\":[{\"@type\":\"WebPage\",\"@id\":\"https:\/\/theovakoway.com\/\",\"url\":\"https:\/\/theovakoway.com\/\",\"name\":\"The Ovako Way - The Ovako Way\",\"isPartOf\":{\"@id\":\"https:\/\/theovakoway.com\/#website\"},\"datePublished\":\"2024-05-13T14:17:28+00:00\",\"dateModified\":\"2025-09-05T07:58:00+00:00\",\"breadcrumb\":{\"@id\":\"https:\/\/theovakoway.com\/#breadcrumb\"},\"inLanguage\":\"sv-SE\",\"potentialAction\":[{\"@type\":\"ReadAction\",\"target\":[\"https:\/\/theovakoway.com\/\"]}]},{\"@type\":\"BreadcrumbList\",\"@id\":\"https:\/\/theovakoway.com\/#breadcrumb\",\"itemListElement\":[{\"@type\":\"ListItem\",\"position\":1,\"name\":\"Home\",\"item\":\"https:\/\/theovakoway.com\/\"},{\"@type\":\"ListItem\",\"position\":2,\"name\":\"The Ovako Way\"}]},{\"@type\":\"WebSite\",\"@id\":\"https:\/\/theovakoway.com\/#website\",\"url\":\"https:\/\/theovakoway.com\/\",\"name\":\"The Ovako Way\",\"description\":\"\",\"publisher\":{\"@id\":\"https:\/\/theovakoway.com\/#organization\"},\"potentialAction\":[{\"@type\":\"SearchAction\",\"target\":{\"@type\":\"EntryPoint\",\"urlTemplate\":\"https:\/\/theovakoway.com\/?s={search_term_string}\"},\"query-input\":{\"@type\":\"PropertyValueSpecification\",\"valueRequired\":true,\"valueName\":\"search_term_string\"}}],\"inLanguage\":\"sv-SE\"},{\"@type\":\"Organization\",\"@id\":\"https:\/\/theovakoway.com\/#organization\",\"name\":\"The Ovako Way\",\"url\":\"https:\/\/theovakoway.com\/\",\"logo\":{\"@type\":\"ImageObject\",\"inLanguage\":\"sv-SE\",\"@id\":\"https:\/\/theovakoway.com\/#\/schema\/logo\/image\/\",\"url\":\"https:\/\/theovakoway.com\/wp-content\/uploads\/2024\/05\/TOW-logo-black.png\",\"contentUrl\":\"https:\/\/theovakoway.com\/wp-content\/uploads\/2024\/05\/TOW-logo-black.png\",\"width\":500,\"height\":500,\"caption\":\"The Ovako Way\"},\"image\":{\"@id\":\"https:\/\/theovakoway.com\/#\/schema\/logo\/image\/\"}}]}<\/script>\n<!-- \/ Yoast SEO plugin. -->","yoast_head_json":{"title":"The Ovako Way - The Ovako Way","robots":{"index":"index","follow":"follow","max-snippet":"max-snippet:-1","max-image-preview":"max-image-preview:large","max-video-preview":"max-video-preview:-1"},"canonical":"https:\/\/theovakoway.com\/","og_locale":"sv_SE","og_type":"article","og_title":"The Ovako Way - The Ovako Way","og_description":"TILLSAMMANS SKAPAR VI ST\u00c5L F\u00d6R ETT H\u00c5LLBART SAMH\u00c4LLE Sommaren stora fotot\u00e4vling \u00e4r avgjord! Se vinnarna och alla bidragen i The Ovako Summer Challenge. SE VINNARBIDRAGEN! THE OVAKO STATEMENT V\u00e4rlden f\u00f6r\u00e4ndras, vi beh\u00f6ver anpassa oss men driva p\u00e5 f\u00f6r att skapa en positiv utveckling. Vi har beslutat oss f\u00f6r att utmana oss sj\u00e4lva, v\u00e5ra kunder och [&hellip;]","og_url":"https:\/\/theovakoway.com\/","og_site_name":"The Ovako Way","article_modified_time":"2025-09-05T07:58:00+00:00","twitter_card":"summary_large_image","twitter_misc":{"Ber\u00e4knad l\u00e4stid":"2 minuter"},"schema":{"@context":"https:\/\/schema.org","@graph":[{"@type":"WebPage","@id":"https:\/\/theovakoway.com\/","url":"https:\/\/theovakoway.com\/","name":"The Ovako Way - The Ovako Way","isPartOf":{"@id":"https:\/\/theovakoway.com\/#website"},"datePublished":"2024-05-13T14:17:28+00:00","dateModified":"2025-09-05T07:58:00+00:00","breadcrumb":{"@id":"https:\/\/theovakoway.com\/#breadcrumb"},"inLanguage":"sv-SE","potentialAction":[{"@type":"ReadAction","target":["https:\/\/theovakoway.com\/"]}]},{"@type":"BreadcrumbList","@id":"https:\/\/theovakoway.com\/#breadcrumb","itemListElement":[{"@type":"ListItem","position":1,"name":"Home","item":"https:\/\/theovakoway.com\/"},{"@type":"ListItem","position":2,"name":"The Ovako Way"}]},{"@type":"WebSite","@id":"https:\/\/theovakoway.com\/#website","url":"https:\/\/theovakoway.com\/","name":"The Ovako Way","description":"","publisher":{"@id":"https:\/\/theovakoway.com\/#organization"},"potentialAction":[{"@type":"SearchAction","target":{"@type":"EntryPoint","urlTemplate":"https:\/\/theovakoway.com\/?s={search_term_string}"},"query-input":{"@type":"PropertyValueSpecification","valueRequired":true,"valueName":"search_term_string"}}],"inLanguage":"sv-SE"},{"@type":"Organization","@id":"https:\/\/theovakoway.com\/#organization","name":"The Ovako Way","url":"https:\/\/theovakoway.com\/","logo":{"@type":"ImageObject","inLanguage":"sv-SE","@id":"https:\/\/theovakoway.com\/#\/schema\/logo\/image\/","url":"https:\/\/theovakoway.com\/wp-content\/uploads\/2024\/05\/TOW-logo-black.png","contentUrl":"https:\/\/theovakoway.com\/wp-content\/uploads\/2024\/05\/TOW-logo-black.png","width":500,"height":500,"caption":"The Ovako Way"},"image":{"@id":"https:\/\/theovakoway.com\/#\/schema\/logo\/image\/"}}]}},"_links":{"self":[{"href":"https:\/\/theovakoway.com\/sv\/wp-json\/wp\/v2\/pages\/351","targetHints":{"allow":["GET"]}}],"collection":[{"href":"https:\/\/theovakoway.com\/sv\/wp-json\/wp\/v2\/pages"}],"about":[{"href":"https:\/\/theovakoway.com\/sv\/wp-json\/wp\/v2\/types\/page"}],"author":[{"embeddable":true,"href":"https:\/\/theovakoway.com\/sv\/wp-json\/wp\/v2\/users\/1"}],"replies":[{"embeddable":true,"href":"https:\/\/theovakoway.com\/sv\/wp-json\/wp\/v2\/comments?post=351"}],"version-history":[{"count":148,"href":"https:\/\/theovakoway.com\/sv\/wp-json\/wp\/v2\/pages\/351\/revisions"}],"predecessor-version":[{"id":4875,"href":"https:\/\/theovakoway.com\/sv\/wp-json\/wp\/v2\/pages\/351\/revisions\/4875"}],"wp:attachment":[{"href":"https:\/\/theovakoway.com\/sv\/wp-json\/wp\/v2\/media?parent=351"}],"curies":[{"name":"wp","href":"https:\/\/api.w.org\/{rel}","templated":true}]}}