{"id":422,"date":"2024-05-14T12:35:49","date_gmt":"2024-05-14T12:35:49","guid":{"rendered":"https:\/\/theovakoway.com\/the-statement\/"},"modified":"2025-05-30T07:53:47","modified_gmt":"2025-05-30T07:53:47","slug":"the-statement","status":"publish","type":"page","link":"https:\/\/theovakoway.com\/sv\/the-statement\/","title":{"rendered":"The Statement"},"content":{"rendered":"\t\t<div data-elementor-type=\"wp-page\" data-elementor-id=\"422\" class=\"elementor elementor-422 elementor-223\" data-elementor-post-type=\"page\">\n\t\t\t\t<div class=\"elementor-element elementor-element-e1a2cf1 e-con-full e-flex e-con e-parent\" data-id=\"e1a2cf1\" data-element_type=\"container\" data-settings=\"{&quot;background_background&quot;:&quot;classic&quot;}\">\n\t\t<div class=\"elementor-element elementor-element-dd99bd6 e-con-full e-flex e-con e-child\" data-id=\"dd99bd6\" data-element_type=\"container\">\n\t\t\t\t<\/div>\n\t\t<div class=\"elementor-element elementor-element-6f43fca e-con-full e-flex e-con e-child\" data-id=\"6f43fca\" data-element_type=\"container\" data-settings=\"{&quot;background_background&quot;:&quot;classic&quot;}\">\n\t\t\t\t<div class=\"elementor-element elementor-element-83f9235 elementor-widget elementor-widget-text-editor\" data-id=\"83f9235\" data-element_type=\"widget\" data-widget_type=\"text-editor.default\">\n\t\t\t\t<div class=\"elementor-widget-container\">\n\t\t\t\t\t\t\t\t\t<p><em>Vi har skapat the Ovako Way Statement, ett guidande dokument som tydligg\u00f6r v\u00e5rt syfte och v\u00e5r v\u00e4rdegrund.  <\/em><br><em>2065 av Ovakos medarbetare har skrivit under dokumentet. <\/em><\/p>\t\t\t\t\t\t\t\t<\/div>\n\t\t\t\t<\/div>\n\t\t\t\t<div class=\"elementor-element elementor-element-2a451dc elementor-widget elementor-widget-heading\" data-id=\"2a451dc\" data-element_type=\"widget\" data-widget_type=\"heading.default\">\n\t\t\t\t<div class=\"elementor-widget-container\">\n\t\t\t\t\t<h2 class=\"elementor-heading-title elementor-size-default\">The Ovako Way Statement<\/h2>\t\t\t\t<\/div>\n\t\t\t\t<\/div>\n\t\t\t\t<div class=\"elementor-element elementor-element-2edf9d4 elementor-widget elementor-widget-text-editor\" data-id=\"2edf9d4\" data-element_type=\"widget\" data-widget_type=\"text-editor.default\">\n\t\t\t\t<div class=\"elementor-widget-container\">\n\t\t\t\t\t\t\t\t\t<p>Ovako \u00e4r pionj\u00e4rer i st\u00e5lindustrin och vi producerar h\u00f6gklassigt st\u00e5l med v\u00e4rldens minsta milj\u00f6p\u00e5verkan. Vi har best\u00e4mt oss f\u00f6r att utmana oss sj\u00e4lva, v\u00e5ra kunder och konkurrenter f\u00f6r att \u00f6ka takten \u00e4nnu mer i \u00f6verg\u00e5ngen till ett fossilfritt, h\u00e5llbart samh\u00e4lle.<\/p><p>Hos Ovako \u00e4r dekarbonisering mer \u00e4n en milj\u00f6fr\u00e5ga; det \u00e4r ett strategiskt val som definierar v\u00e5r framtid. Det handlar om att s\u00e4kerst\u00e4lla v\u00e5r l\u00f6nsamhet och f\u00f6retagets fortlevnad, att st\u00e4rka v\u00e5r position som en attraktiv arbetsgivare, att gripa \u00e5rhundradets st\u00f6rsta m\u00f6jlighet, och att g\u00f6ra det som \u00e4r moraliskt r\u00e4tt.<\/p><p>Vi \u00e4r \u00f6vertygade om att vi kan g\u00f6ra skillnad. I 500 \u00e5r har vi drivits av st\u00e4ndig innovation, f\u00f6rverkligat id\u00e9er och anv\u00e4nt v\u00e5r yrkesskicklighet. Det g\u00f6r vi fortfarande. Det har positionerat oss som pionj\u00e4rer inom st\u00e5lindustrin, alltid redo att anpassa oss och leda f\u00f6r\u00e4ndringen. Vi \u00e4r en trygg partner som skapar en framtid d\u00e4r st\u00e5lproduktion inte enbart \u00e4r h\u00e5llbar, utan ocks\u00e5 driver positiv f\u00f6r\u00e4ndring inom b\u00e5de industrin och i samh\u00e4llet.<\/p><p>Resan b\u00f6rjar h\u00e4r. Med oss.<\/p><p>N\u00e4r vi f\u00f6renas i arbetet med ett tydligt syfte, h\u00e5llbarhetsfokus och en delad ambition, d\u00e5 kommer vi att g\u00f6ra skillnad. Inte enbart f\u00f6r f\u00f6retagets v\u00e4lm\u00e5ende men ocks\u00e5 f\u00f6r framtida generationer. Vi m\u00e5ste vara nyt\u00e4nkande, kunniga och ansvarsfulla f\u00f6r att lyckas. <br><br>Det h\u00e4r \u00e4r The Ovako Way.<br>Tillsammans skapar vi st\u00e5l f\u00f6r ett h\u00e5llbart samh\u00e4lle.<\/p>\t\t\t\t\t\t\t\t<\/div>\n\t\t\t\t<\/div>\n\t\t\t\t<\/div>\n\t\t<div class=\"elementor-element elementor-element-3f59031 e-con-full e-flex e-con e-child\" data-id=\"3f59031\" data-element_type=\"container\">\n\t\t\t\t<\/div>\n\t\t\t\t<\/div>\n\t\t\t\t<\/div>\n\t\t","protected":false},"excerpt":{"rendered":"<p>Vi har skapat the Ovako Way Statement, ett guidande dokument som tydligg\u00f6r v\u00e5rt syfte och v\u00e5r v\u00e4rdegrund. 2065 av Ovakos medarbetare har skrivit under dokumentet. The Ovako Way Statement Ovako \u00e4r pionj\u00e4rer i st\u00e5lindustrin och vi producerar h\u00f6gklassigt st\u00e5l med v\u00e4rldens minsta milj\u00f6p\u00e5verkan. Vi har best\u00e4mt oss f\u00f6r att utmana oss sj\u00e4lva, v\u00e5ra kunder och [&hellip;]<\/p>\n","protected":false},"author":1,"featured_media":0,"parent":0,"menu_order":0,"comment_status":"closed","ping_status":"closed","template":"","meta":{"footnotes":""},"class_list":["post-422","page","type-page","status-publish","hentry"],"yoast_head":"<!-- This site is optimized with the Yoast SEO plugin v25.5 - https:\/\/yoast.com\/wordpress\/plugins\/seo\/ -->\n<title>The Statement - The Ovako Way<\/title>\n<meta name=\"robots\" content=\"index, follow, max-snippet:-1, max-image-preview:large, max-video-preview:-1\" \/>\n<link rel=\"canonical\" href=\"https:\/\/theovakoway.com\/sv\/the-statement\/\" \/>\n<meta property=\"og:locale\" content=\"sv_SE\" \/>\n<meta property=\"og:type\" content=\"article\" \/>\n<meta property=\"og:title\" content=\"The Statement - The Ovako Way\" \/>\n<meta property=\"og:description\" content=\"Vi har skapat the Ovako Way Statement, ett guidande dokument som tydligg\u00f6r v\u00e5rt syfte och v\u00e5r v\u00e4rdegrund. 2065 av Ovakos medarbetare har skrivit under dokumentet. The Ovako Way Statement Ovako \u00e4r pionj\u00e4rer i st\u00e5lindustrin och vi producerar h\u00f6gklassigt st\u00e5l med v\u00e4rldens minsta milj\u00f6p\u00e5verkan. Vi har best\u00e4mt oss f\u00f6r att utmana oss sj\u00e4lva, v\u00e5ra kunder och [&hellip;]\" \/>\n<meta property=\"og:url\" content=\"https:\/\/theovakoway.com\/sv\/the-statement\/\" \/>\n<meta property=\"og:site_name\" content=\"The Ovako Way\" \/>\n<meta property=\"article:modified_time\" content=\"2025-05-30T07:53:47+00:00\" \/>\n<meta name=\"twitter:card\" content=\"summary_large_image\" \/>\n<meta name=\"twitter:label1\" content=\"Ber\u00e4knad l\u00e4stid\" \/>\n\t<meta name=\"twitter:data1\" content=\"2 minuter\" \/>\n<script type=\"application\/ld+json\" class=\"yoast-schema-graph\">{\"@context\":\"https:\/\/schema.org\",\"@graph\":[{\"@type\":\"WebPage\",\"@id\":\"https:\/\/theovakoway.com\/sv\/the-statement\/\",\"url\":\"https:\/\/theovakoway.com\/sv\/the-statement\/\",\"name\":\"The Statement - The Ovako Way\",\"isPartOf\":{\"@id\":\"https:\/\/theovakoway.com\/#website\"},\"datePublished\":\"2024-05-14T12:35:49+00:00\",\"dateModified\":\"2025-05-30T07:53:47+00:00\",\"breadcrumb\":{\"@id\":\"https:\/\/theovakoway.com\/sv\/the-statement\/#breadcrumb\"},\"inLanguage\":\"sv-SE\",\"potentialAction\":[{\"@type\":\"ReadAction\",\"target\":[\"https:\/\/theovakoway.com\/sv\/the-statement\/\"]}]},{\"@type\":\"BreadcrumbList\",\"@id\":\"https:\/\/theovakoway.com\/sv\/the-statement\/#breadcrumb\",\"itemListElement\":[{\"@type\":\"ListItem\",\"position\":1,\"name\":\"Home\",\"item\":\"https:\/\/theovakoway.com\/\"},{\"@type\":\"ListItem\",\"position\":2,\"name\":\"The Statement\"}]},{\"@type\":\"WebSite\",\"@id\":\"https:\/\/theovakoway.com\/#website\",\"url\":\"https:\/\/theovakoway.com\/\",\"name\":\"The Ovako Way\",\"description\":\"\",\"publisher\":{\"@id\":\"https:\/\/theovakoway.com\/#organization\"},\"potentialAction\":[{\"@type\":\"SearchAction\",\"target\":{\"@type\":\"EntryPoint\",\"urlTemplate\":\"https:\/\/theovakoway.com\/?s={search_term_string}\"},\"query-input\":{\"@type\":\"PropertyValueSpecification\",\"valueRequired\":true,\"valueName\":\"search_term_string\"}}],\"inLanguage\":\"sv-SE\"},{\"@type\":\"Organization\",\"@id\":\"https:\/\/theovakoway.com\/#organization\",\"name\":\"The Ovako Way\",\"url\":\"https:\/\/theovakoway.com\/\",\"logo\":{\"@type\":\"ImageObject\",\"inLanguage\":\"sv-SE\",\"@id\":\"https:\/\/theovakoway.com\/#\/schema\/logo\/image\/\",\"url\":\"https:\/\/theovakoway.com\/wp-content\/uploads\/2024\/05\/TOW-logo-black.png\",\"contentUrl\":\"https:\/\/theovakoway.com\/wp-content\/uploads\/2024\/05\/TOW-logo-black.png\",\"width\":500,\"height\":500,\"caption\":\"The Ovako Way\"},\"image\":{\"@id\":\"https:\/\/theovakoway.com\/#\/schema\/logo\/image\/\"}}]}<\/script>\n<!-- \/ Yoast SEO plugin. -->","yoast_head_json":{"title":"The Statement - The Ovako Way","robots":{"index":"index","follow":"follow","max-snippet":"max-snippet:-1","max-image-preview":"max-image-preview:large","max-video-preview":"max-video-preview:-1"},"canonical":"https:\/\/theovakoway.com\/sv\/the-statement\/","og_locale":"sv_SE","og_type":"article","og_title":"The Statement - The Ovako Way","og_description":"Vi har skapat the Ovako Way Statement, ett guidande dokument som tydligg\u00f6r v\u00e5rt syfte och v\u00e5r v\u00e4rdegrund. 2065 av Ovakos medarbetare har skrivit under dokumentet. The Ovako Way Statement Ovako \u00e4r pionj\u00e4rer i st\u00e5lindustrin och vi producerar h\u00f6gklassigt st\u00e5l med v\u00e4rldens minsta milj\u00f6p\u00e5verkan. Vi har best\u00e4mt oss f\u00f6r att utmana oss sj\u00e4lva, v\u00e5ra kunder och [&hellip;]","og_url":"https:\/\/theovakoway.com\/sv\/the-statement\/","og_site_name":"The Ovako Way","article_modified_time":"2025-05-30T07:53:47+00:00","twitter_card":"summary_large_image","twitter_misc":{"Ber\u00e4knad l\u00e4stid":"2 minuter"},"schema":{"@context":"https:\/\/schema.org","@graph":[{"@type":"WebPage","@id":"https:\/\/theovakoway.com\/sv\/the-statement\/","url":"https:\/\/theovakoway.com\/sv\/the-statement\/","name":"The Statement - The Ovako Way","isPartOf":{"@id":"https:\/\/theovakoway.com\/#website"},"datePublished":"2024-05-14T12:35:49+00:00","dateModified":"2025-05-30T07:53:47+00:00","breadcrumb":{"@id":"https:\/\/theovakoway.com\/sv\/the-statement\/#breadcrumb"},"inLanguage":"sv-SE","potentialAction":[{"@type":"ReadAction","target":["https:\/\/theovakoway.com\/sv\/the-statement\/"]}]},{"@type":"BreadcrumbList","@id":"https:\/\/theovakoway.com\/sv\/the-statement\/#breadcrumb","itemListElement":[{"@type":"ListItem","position":1,"name":"Home","item":"https:\/\/theovakoway.com\/"},{"@type":"ListItem","position":2,"name":"The Statement"}]},{"@type":"WebSite","@id":"https:\/\/theovakoway.com\/#website","url":"https:\/\/theovakoway.com\/","name":"The Ovako Way","description":"","publisher":{"@id":"https:\/\/theovakoway.com\/#organization"},"potentialAction":[{"@type":"SearchAction","target":{"@type":"EntryPoint","urlTemplate":"https:\/\/theovakoway.com\/?s={search_term_string}"},"query-input":{"@type":"PropertyValueSpecification","valueRequired":true,"valueName":"search_term_string"}}],"inLanguage":"sv-SE"},{"@type":"Organization","@id":"https:\/\/theovakoway.com\/#organization","name":"The Ovako Way","url":"https:\/\/theovakoway.com\/","logo":{"@type":"ImageObject","inLanguage":"sv-SE","@id":"https:\/\/theovakoway.com\/#\/schema\/logo\/image\/","url":"https:\/\/theovakoway.com\/wp-content\/uploads\/2024\/05\/TOW-logo-black.png","contentUrl":"https:\/\/theovakoway.com\/wp-content\/uploads\/2024\/05\/TOW-logo-black.png","width":500,"height":500,"caption":"The Ovako Way"},"image":{"@id":"https:\/\/theovakoway.com\/#\/schema\/logo\/image\/"}}]}},"_links":{"self":[{"href":"https:\/\/theovakoway.com\/sv\/wp-json\/wp\/v2\/pages\/422","targetHints":{"allow":["GET"]}}],"collection":[{"href":"https:\/\/theovakoway.com\/sv\/wp-json\/wp\/v2\/pages"}],"about":[{"href":"https:\/\/theovakoway.com\/sv\/wp-json\/wp\/v2\/types\/page"}],"author":[{"embeddable":true,"href":"https:\/\/theovakoway.com\/sv\/wp-json\/wp\/v2\/users\/1"}],"replies":[{"embeddable":true,"href":"https:\/\/theovakoway.com\/sv\/wp-json\/wp\/v2\/comments?post=422"}],"version-history":[{"count":35,"href":"https:\/\/theovakoway.com\/sv\/wp-json\/wp\/v2\/pages\/422\/revisions"}],"predecessor-version":[{"id":2977,"href":"https:\/\/theovakoway.com\/sv\/wp-json\/wp\/v2\/pages\/422\/revisions\/2977"}],"wp:attachment":[{"href":"https:\/\/theovakoway.com\/sv\/wp-json\/wp\/v2\/media?parent=422"}],"curies":[{"name":"wp","href":"https:\/\/api.w.org\/{rel}","templated":true}]}}